{"id":2193,"date":"2024-07-24T04:36:09","date_gmt":"2024-07-24T04:36:09","guid":{"rendered":"https:\/\/dessevproject.eu\/?page_id=2193"},"modified":"2024-07-24T14:11:37","modified_gmt":"2024-07-24T14:11:37","slug":"terms-and-conditions","status":"publish","type":"page","link":"https:\/\/dessevproject.eu\/sv\/terms-and-conditions\/","title":{"rendered":"Allm\u00e4nna villkor"},"content":{"rendered":"<div data-elementor-type=\"wp-page\" data-elementor-id=\"2193\" class=\"elementor elementor-2193\">\n\t\t\t\t\t\t\t\t\t<section class=\"elementor-section elementor-top-section elementor-element elementor-element-0640757 elementor-section-boxed elementor-section-height-default elementor-section-height-default\" data-id=\"0640757\" data-element_type=\"section\" data-settings=\"{&quot;background_background&quot;:&quot;classic&quot;}\">\n\t\t\t\t\t\t<div class=\"elementor-container elementor-column-gap-no\">\n\t\t\t\t\t<div class=\"elementor-column elementor-col-100 elementor-top-column elementor-element elementor-element-742bc29\" data-id=\"742bc29\" data-element_type=\"column\">\n\t\t\t<div class=\"elementor-widget-wrap elementor-element-populated\">\n\t\t\t\t\t\t\t\t<div class=\"elementor-element elementor-element-229e2ca elementor-widget elementor-widget-heading\" data-id=\"229e2ca\" data-element_type=\"widget\" data-widget_type=\"heading.default\">\n\t\t\t\t<div class=\"elementor-widget-container\">\n\t\t\t<style>\/*! elementor - v3.10.1 - 17-01-2023 *\/\n.elementor-heading-title{padding:0;margin:0;line-height:1}.elementor-widget-heading .elementor-heading-title[class*=elementor-size-]>a{color:inherit;font-size:inherit;line-height:inherit}.elementor-widget-heading .elementor-heading-title.elementor-size-small{font-size:15px}.elementor-widget-heading .elementor-heading-title.elementor-size-medium{font-size:19px}.elementor-widget-heading .elementor-heading-title.elementor-size-large{font-size:29px}.elementor-widget-heading .elementor-heading-title.elementor-size-xl{font-size:39px}.elementor-widget-heading .elementor-heading-title.elementor-size-xxl{font-size:59px}<\/style><h1 class=\"elementor-heading-title elementor-size-default\">Allm\u00e4nna villkor<\/h1>\t\t<\/div>\n\t\t\t\t<\/div>\n\t\t\t\t<div class=\"elementor-element elementor-element-1c5e569 elementor-widget elementor-widget-text-editor\" data-id=\"1c5e569\" data-element_type=\"widget\" data-widget_type=\"text-editor.default\">\n\t\t\t\t<div class=\"elementor-widget-container\">\n\t\t\t<style>\/*! elementor - v3.10.1 - 17-01-2023 *\/\n.elementor-widget-text-editor.elementor-drop-cap-view-stacked .elementor-drop-cap{background-color:#818a91;color:#fff}.elementor-widget-text-editor.elementor-drop-cap-view-framed .elementor-drop-cap{color:#818a91;border:3px solid;background-color:transparent}.elementor-widget-text-editor:not(.elementor-drop-cap-view-default) .elementor-drop-cap{margin-top:8px}.elementor-widget-text-editor:not(.elementor-drop-cap-view-default) .elementor-drop-cap-letter{width:1em;height:1em}.elementor-widget-text-editor .elementor-drop-cap{float:left;text-align:center;line-height:1;font-size:50px}.elementor-widget-text-editor .elementor-drop-cap-letter{display:inline-block}<\/style>\t\t\t\t<p>Ansvarsfriskrivning<\/p>\t\t\t\t\t\t<\/div>\n\t\t\t\t<\/div>\n\t\t\t\t\t<\/div>\n\t\t<\/div>\n\t\t\t\t\t\t\t<\/div>\n\t\t<\/section>\n\t\t\t\t<section class=\"elementor-section elementor-top-section elementor-element elementor-element-0b7f887 elementor-section-boxed elementor-section-height-default elementor-section-height-default\" data-id=\"0b7f887\" data-element_type=\"section\">\n\t\t\t\t\t\t<div class=\"elementor-container elementor-column-gap-default\">\n\t\t\t\t\t<div class=\"elementor-column elementor-col-100 elementor-top-column elementor-element elementor-element-4566380\" data-id=\"4566380\" data-element_type=\"column\">\n\t\t\t<div class=\"elementor-widget-wrap elementor-element-populated\">\n\t\t\t\t\t\t\t\t<div class=\"elementor-element elementor-element-418ad70 elementor-widget elementor-widget-text-editor\" data-id=\"418ad70\" data-element_type=\"widget\" data-widget_type=\"text-editor.default\">\n\t\t\t\t<div class=\"elementor-widget-container\">\n\t\t\t\t\t\t\t<p><span style=\"font-weight: 400;\">Effective Date: 3.5.2024<\/span><\/p><p><span style=\"font-weight: 400;\">DESSEV-konsortiet str\u00e4var efter att tillhandah\u00e5lla tillf\u00f6rlitlig och aktuell information. Vi vill dock <\/span><span style=\"font-weight: 400;\">explicitly to<\/span><span style=\"font-weight: 400;\"> uttryckligen informera dig om f\u00f6ljande:<\/span><\/p><ul><li><span style=\"font-weight: 400;\">Denna app \u00e4r avsedd f\u00f6r informations\u00e4ndam\u00e5l endast och ska under inga omst\u00e4ndigheter ers\u00e4tta professionell medicinsk r\u00e5dgivning, diagnos eller behandling. Informationen som tillhandah\u00e5lls h\u00e4r ska inte betraktas som medicinsk r\u00e5dgivning och b\u00f6r inte anv\u00e4ndas som s\u00e5dan. I alla fall b\u00f6r du f\u00f6rst r\u00e5dg\u00f6ra med och f\u00f6lja rekommendationerna fr\u00e5n en kvalificerad medicinsk professionell.<\/span><\/li><li>DESSEV-konsortiet har gjort allt som st\u00e5r i v\u00e5r makt f\u00f6r att s\u00e4kerst\u00e4lla att all information i appen \u00e4r aktuell och korrekt. Trots dessa anstr\u00e4ngningar kan vi inte garantera att informationen \u00e4r felfri eller helt komplett, d\u00e5 appen du anv\u00e4nder \u00e4r avsedd f\u00f6r informations\u00e4ndam\u00e5l.<\/li><li>DESSEV-konsortiet kan inte h\u00e5llas ansvarigt f\u00f6r n\u00e5gon felaktig anv\u00e4ndning av appen eller informationen som finns p\u00e5 DESSEV-webbplatsen. Appen och dess resultat b\u00f6r anv\u00e4ndas med f\u00f6rsiktighet. Ansvarigheten f\u00f6r anv\u00e4ndningen av all information som finns i appen och\/eller p\u00e5 webbplatsen ligger helt och h\u00e5llet hos anv\u00e4ndaren, och konsortiet ansvarar inte f\u00f6r n\u00e5gra skador av n\u00e5got slag som orsakas av anv\u00e4ndningen av appen, dess resultat och informationen p\u00e5 DESSEV-webbplatsen.<\/li><li>Genom att forts\u00e4tta anv\u00e4nda denna app bekr\u00e4ftar du att du har l\u00e4st, f\u00f6rst\u00e5tt och godk\u00e4nt alla villkor som anges i detta dokument. Om du inte godk\u00e4nner dessa villkor b\u00f6r du omedelbart sluta anv\u00e4nda appen, avbryta anv\u00e4ndningen av redan producerade resultat och avst\u00e5 fr\u00e5n att anv\u00e4nda n\u00e5gon information som finns p\u00e5 webbplatsen.<\/li><\/ul><p><span style=\"font-weight: 400;\"> F\u00f6r ytterligare fr\u00e5gor eller funderingar, tveka inte att kontakta oss p\u00e5 dessevproject@gmail.com<\/span><\/p>\t\t\t\t\t\t<\/div>\n\t\t\t\t<\/div>\n\t\t\t\t\t<\/div>\n\t\t<\/div>\n\t\t\t\t\t\t\t<\/div>\n\t\t<\/section>\n\t\t\t\t\t\t\t<\/div>","protected":false},"excerpt":{"rendered":"<p>Terms and conditions Disclaimer Effective Date: 3.5.2024 The DESSEV consortium aims to provide reliable and up-to-date information. However, we want explicitly to inform you on the following: This app is intended for informational purposes only and in no case should replace professional medical advice, diagnosis, or treatment. The information provided here is not to be &hellip;<\/p>\n<p class=\"read-more\"> <a class=\"\" href=\"https:\/\/dessevproject.eu\/sv\/terms-and-conditions\/\"> <span class=\"screen-reader-text\">Allm\u00e4nna villkor<\/span> L\u00e4s mer &raquo;<\/a><\/p>","protected":false},"author":1,"featured_media":0,"parent":0,"menu_order":0,"comment_status":"closed","ping_status":"closed","template":"","meta":{"_uag_custom_page_level_css":"","site-sidebar-layout":"no-sidebar","site-content-layout":"page-builder","ast-global-header-display":"","ast-main-header-display":"","ast-hfb-above-header-display":"","ast-hfb-below-header-display":"","ast-hfb-mobile-header-display":"","site-post-title":"disabled","ast-breadcrumbs-content":"","ast-featured-img":"disabled","footer-sml-layout":"","theme-transparent-header-meta":"enabled","adv-header-id-meta":"","stick-header-meta":"","header-above-stick-meta":"","header-main-stick-meta":"","header-below-stick-meta":"","footnotes":""},"class_list":["post-2193","page","type-page","status-publish","hentry"],"uagb_featured_image_src":{"full":false,"thumbnail":false,"medium":false,"medium_large":false,"large":false,"1536x1536":false,"2048x2048":false,"trp-custom-language-flag":false},"uagb_author_info":{"display_name":"admin","author_link":"https:\/\/dessevproject.eu\/sv\/author\/admin\/"},"uagb_comment_info":0,"uagb_excerpt":"Terms and conditions Disclaimer Effective Date: 3.5.2024 The DESSEV consortium aims to provide reliable and up-to-date information. However, we want explicitly to inform you on the following: This app is intended for informational purposes only and in no case should replace professional medical advice, diagnosis, or treatment. The information provided here is not to be&hellip;","_links":{"self":[{"href":"https:\/\/dessevproject.eu\/sv\/wp-json\/wp\/v2\/pages\/2193","targetHints":{"allow":["GET"]}}],"collection":[{"href":"https:\/\/dessevproject.eu\/sv\/wp-json\/wp\/v2\/pages"}],"about":[{"href":"https:\/\/dessevproject.eu\/sv\/wp-json\/wp\/v2\/types\/page"}],"author":[{"embeddable":true,"href":"https:\/\/dessevproject.eu\/sv\/wp-json\/wp\/v2\/users\/1"}],"replies":[{"embeddable":true,"href":"https:\/\/dessevproject.eu\/sv\/wp-json\/wp\/v2\/comments?post=2193"}],"version-history":[{"count":14,"href":"https:\/\/dessevproject.eu\/sv\/wp-json\/wp\/v2\/pages\/2193\/revisions"}],"predecessor-version":[{"id":2209,"href":"https:\/\/dessevproject.eu\/sv\/wp-json\/wp\/v2\/pages\/2193\/revisions\/2209"}],"wp:attachment":[{"href":"https:\/\/dessevproject.eu\/sv\/wp-json\/wp\/v2\/media?parent=2193"}],"curies":[{"name":"wp","href":"https:\/\/api.w.org\/{rel}","templated":true}]}}