{"id":1123,"date":"2023-01-24T08:14:56","date_gmt":"2023-01-24T08:14:56","guid":{"rendered":"https:\/\/dessevproject.eu\/?page_id=1123"},"modified":"2023-01-24T15:08:37","modified_gmt":"2023-01-24T15:08:37","slug":"project","status":"publish","type":"page","link":"https:\/\/dessevproject.eu\/sv\/project\/","title":{"rendered":"Projektet"},"content":{"rendered":"<div data-elementor-type=\"wp-page\" data-elementor-id=\"1123\" class=\"elementor elementor-1123\">\n\t\t\t\t\t\t\t\t\t<section class=\"elementor-section elementor-top-section elementor-element elementor-element-dc006dc elementor-section-boxed elementor-section-height-default elementor-section-height-default\" data-id=\"dc006dc\" data-element_type=\"section\" data-settings=\"{&quot;background_background&quot;:&quot;classic&quot;}\">\n\t\t\t\t\t\t<div class=\"elementor-container elementor-column-gap-no\">\n\t\t\t\t\t<div class=\"elementor-column elementor-col-100 elementor-top-column elementor-element elementor-element-1d46226\" data-id=\"1d46226\" data-element_type=\"column\">\n\t\t\t<div class=\"elementor-widget-wrap elementor-element-populated\">\n\t\t\t\t\t\t\t\t<div class=\"elementor-element elementor-element-4843bd1 elementor-widget elementor-widget-heading\" data-id=\"4843bd1\" data-element_type=\"widget\" data-widget_type=\"heading.default\">\n\t\t\t\t<div class=\"elementor-widget-container\">\n\t\t\t<style>\/*! elementor - v3.10.1 - 17-01-2023 *\/\n.elementor-heading-title{padding:0;margin:0;line-height:1}.elementor-widget-heading .elementor-heading-title[class*=elementor-size-]>a{color:inherit;font-size:inherit;line-height:inherit}.elementor-widget-heading .elementor-heading-title.elementor-size-small{font-size:15px}.elementor-widget-heading .elementor-heading-title.elementor-size-medium{font-size:19px}.elementor-widget-heading .elementor-heading-title.elementor-size-large{font-size:29px}.elementor-widget-heading .elementor-heading-title.elementor-size-xl{font-size:39px}.elementor-widget-heading .elementor-heading-title.elementor-size-xxl{font-size:59px}<\/style><h1 class=\"elementor-heading-title elementor-size-default\">Om projektet<\/h1>\t\t<\/div>\n\t\t\t\t<\/div>\n\t\t\t\t<div class=\"elementor-element elementor-element-644d8bd elementor-widget elementor-widget-text-editor\" data-id=\"644d8bd\" data-element_type=\"widget\" data-widget_type=\"text-editor.default\">\n\t\t\t\t<div class=\"elementor-widget-container\">\n\t\t\t<style>\/*! elementor - v3.10.1 - 17-01-2023 *\/\n.elementor-widget-text-editor.elementor-drop-cap-view-stacked .elementor-drop-cap{background-color:#818a91;color:#fff}.elementor-widget-text-editor.elementor-drop-cap-view-framed .elementor-drop-cap{color:#818a91;border:3px solid;background-color:transparent}.elementor-widget-text-editor:not(.elementor-drop-cap-view-default) .elementor-drop-cap{margin-top:8px}.elementor-widget-text-editor:not(.elementor-drop-cap-view-default) .elementor-drop-cap-letter{width:1em;height:1em}.elementor-widget-text-editor .elementor-drop-cap{float:left;text-align:center;line-height:1;font-size:50px}.elementor-widget-text-editor .elementor-drop-cap-letter{display:inline-block}<\/style>\t\t\t\t<p>Inom DESSEV Erasmus+ projektet utformades ett beslutst\u00f6dssystem f\u00f6r maritima beslutsfattare som ska<br \/>erbjuda v\u00e4gledning vid potentiella epidemiutbrott.<\/p>\t\t\t\t\t\t<\/div>\n\t\t\t\t<\/div>\n\t\t\t\t\t<\/div>\n\t\t<\/div>\n\t\t\t\t\t\t\t<\/div>\n\t\t<\/section>\n\t\t\t\t<section class=\"elementor-section elementor-top-section elementor-element elementor-element-5026463 elementor-section-boxed elementor-section-height-default elementor-section-height-default\" data-id=\"5026463\" data-element_type=\"section\">\n\t\t\t\t\t\t<div class=\"elementor-container elementor-column-gap-default\">\n\t\t\t\t\t<div class=\"elementor-column elementor-col-100 elementor-top-column elementor-element elementor-element-1c20ce08\" data-id=\"1c20ce08\" data-element_type=\"column\">\n\t\t\t<div class=\"elementor-widget-wrap elementor-element-populated\">\n\t\t\t\t\t\t\t\t<div class=\"elementor-element elementor-element-7eb5601c elementor-widget elementor-widget-text-editor\" data-id=\"7eb5601c\" data-element_type=\"widget\" data-widget_type=\"text-editor.default\">\n\t\t\t\t<div class=\"elementor-widget-container\">\n\t\t\t\t\t\t\t<!-- wp:paragraph -->\n<p>Projektet \u00e4r till\u00e4gnat fr\u00e5gor relaterade till utbrott av epidemier p\u00e5 sj\u00f6g\u00e5ende fartyg. I praktiken blir fartyget en r\u00f6rlig isolator med stor potential att \"frig\u00f6ra\" sjukdomen \u00f6ver ett st\u00f6rre omr\u00e5de. COVID-19-utbrottet har visat att det p\u00e5 m\u00e5nga h\u00e5ll inte finns n\u00e5gra mekanismer f\u00f6r hantering av sjukdomsn\u00f6dsituationer. Trots att m\u00e5nga avtal och kontrakt f\u00f6ruts\u00e5g risker med \"force majeure\" var det ingen som var medveten om att detta kunde vara globalt. COVID-19 har visat att befintliga procedurer ofta inte \u00e4r anpassade till verkligheten omkring oss. Ibland beh\u00f6ver nya procedurer utvecklas snabbt. Ibland saknas till och med r\u00e4ttslig grund f\u00f6r att genomf\u00f6ra och till\u00e4mpa s\u00e5dana procedurer. Olika l\u00f6sningar relaterade till coronavirusthotet har antagits i varje land. Vissa \u00e5tg\u00e4rder visar sig vara r\u00e4tt, andra inte.<br>Tyv\u00e4rr \u00e4r den sociala faktorn ocks\u00e5 viktig i m\u00e5nga fall (motst\u00e5nd mot vaccinationer, nedst\u00e4ngningar osv.). Ibland hamnar vi dock i en situation d\u00e4r vi inte kan v\u00e4nta p\u00e5 att nya procedurer ska utvecklas. COVID-19 har haft en negativ inverkan p\u00e5 n\u00e4stan alla omr\u00e5den inom ekonomin. Det kan s\u00e4gas att det \u00e4r det st\u00f6rsta globala hotet sedan andra v\u00e4rldskriget. Syftet med projektet \u00e4r att bygga ett expertsystem g\u00e4llande risken f\u00f6r epidemihot p\u00e5 sj\u00f6g\u00e5ende fartyg (inte bara COVID-19). Varje handelsfartyg, fritidsb\u00e5t, segelyacht m\u00e5ste vara utrustad med l\u00e4mplig kommunikationsutrustning kopplad till dess r\u00f6relseomr\u00e5de. Det kan vara radio, satellitstation, mobiltelefon osv. Var och en av dem best\u00e4mmer olika s\u00e4tt att f\u00e5 medicinsk hj\u00e4lp (eller r\u00e5dgivning). Dessutom m\u00e5ste radiooperat\u00f6rer ombord p\u00e5 fartyget certifieras av auktoriserad organisation och bekanta sig med maritima radiokommunikationsf\u00f6rfaranden. Det finns ett par typer av radioutbildningar beroende p\u00e5 deras syfte. Till exempel \u00e4r den vanligaste SRC (Short Range Certificate) som anv\u00e4nds av sj\u00f6m\u00e4n och GOC (General Operator's Certificate) som kr\u00e4vs av STCW (Standard f\u00f6r Utbildning, Certifiering och Bevakning) f\u00f6r d\u00e4cksbef\u00e4l. Motivationen f\u00f6r projektet \u00e4r att leverera ett expertsystem som kan vara till hj\u00e4lp f\u00f6r att l\u00f6sa: i) hur icke-medicinsk personal kan noggrant bed\u00f6ma medicinsk situation?; ii) vilken medicinsk anl\u00e4ggning ska kontaktas?; iii) vilket kommunikationsmedel ska anv\u00e4ndas.<br>Syftet med projektet \u00e4r att designa och utveckla ett beslutsst\u00f6dssystem f\u00f6r maritima beslutsfattare f\u00f6r att ge v\u00e4gledning vid ett epidemiskt utbrott. Till exempel, om en bes\u00e4ttningsmedlem blir sjuk ombord p\u00e5 fartyget och f\u00e5r medicinsk v\u00e5rd, men sedan blir tv\u00e5 fler personer sjuka n\u00e4sta dag, kan kaptenen misst\u00e4nka ett epidemiskt utbrott s\u00e5som en smittsam sjukdom eller matf\u00f6rgiftning. Genom att snabbt kontrollera de identifierade symptomen i systemet kan beslutsst\u00f6dssystemet ge v\u00e4gledning om \u00e5tg\u00e4rder att vidta, inklusive hur man tillhandah\u00e5ller medicinsk hj\u00e4lp, vilka tj\u00e4nster man ska informera och vilka procedurer som ska genomf\u00f6ras. Detta skulle utl\u00f6sa en epidemi varning och leda till l\u00e4mpliga \u00e5tg\u00e4rder. <\/p>\n<!-- \/wp:paragraph -->\t\t\t\t\t\t<\/div>\n\t\t\t\t<\/div>\n\t\t\t\t\t<\/div>\n\t\t<\/div>\n\t\t\t\t\t\t\t<\/div>\n\t\t<\/section>\n\t\t\t\t\t\t\t<\/div>","protected":false},"excerpt":{"rendered":"<p>About the Project DESSEV Erasmus+ project brought together seven organisations from six European countries to design and develop the decision support system for maritime decision makers in order to givesome indications in the case of epidemic outbreak. The project is devoted to issues related to the outbreak of an epidemic on the sea-going vessel. In &hellip;<\/p>\n<p class=\"read-more\"> <a class=\"\" href=\"https:\/\/dessevproject.eu\/sv\/project\/\"> <span class=\"screen-reader-text\">Projektet<\/span> L\u00e4s mer &raquo;<\/a><\/p>","protected":false},"author":1,"featured_media":0,"parent":0,"menu_order":0,"comment_status":"closed","ping_status":"closed","template":"","meta":{"_uag_custom_page_level_css":"","site-sidebar-layout":"no-sidebar","site-content-layout":"page-builder","ast-global-header-display":"","ast-main-header-display":"","ast-hfb-above-header-display":"","ast-hfb-below-header-display":"","ast-hfb-mobile-header-display":"","site-post-title":"disabled","ast-breadcrumbs-content":"","ast-featured-img":"","footer-sml-layout":"","theme-transparent-header-meta":"enabled","adv-header-id-meta":"","stick-header-meta":"","header-above-stick-meta":"","header-main-stick-meta":"","header-below-stick-meta":"","footnotes":""},"class_list":["post-1123","page","type-page","status-publish","hentry"],"uagb_featured_image_src":{"full":false,"thumbnail":false,"medium":false,"medium_large":false,"large":false,"1536x1536":false,"2048x2048":false,"trp-custom-language-flag":false},"uagb_author_info":{"display_name":"admin","author_link":"https:\/\/dessevproject.eu\/sv\/author\/admin\/"},"uagb_comment_info":0,"uagb_excerpt":"About the Project DESSEV Erasmus+ project brought together seven organisations from six European countries to design and develop the decision support system for maritime decision makers in order to givesome indications in the case of epidemic outbreak. The project is devoted to issues related to the outbreak of an epidemic on the sea-going vessel. In&hellip;","_links":{"self":[{"href":"https:\/\/dessevproject.eu\/sv\/wp-json\/wp\/v2\/pages\/1123","targetHints":{"allow":["GET"]}}],"collection":[{"href":"https:\/\/dessevproject.eu\/sv\/wp-json\/wp\/v2\/pages"}],"about":[{"href":"https:\/\/dessevproject.eu\/sv\/wp-json\/wp\/v2\/types\/page"}],"author":[{"embeddable":true,"href":"https:\/\/dessevproject.eu\/sv\/wp-json\/wp\/v2\/users\/1"}],"replies":[{"embeddable":true,"href":"https:\/\/dessevproject.eu\/sv\/wp-json\/wp\/v2\/comments?post=1123"}],"version-history":[{"count":20,"href":"https:\/\/dessevproject.eu\/sv\/wp-json\/wp\/v2\/pages\/1123\/revisions"}],"predecessor-version":[{"id":1286,"href":"https:\/\/dessevproject.eu\/sv\/wp-json\/wp\/v2\/pages\/1123\/revisions\/1286"}],"wp:attachment":[{"href":"https:\/\/dessevproject.eu\/sv\/wp-json\/wp\/v2\/media?parent=1123"}],"curies":[{"name":"wp","href":"https:\/\/api.w.org\/{rel}","templated":true}]}}