{"id":1087,"date":"2020-10-09T02:41:05","date_gmt":"2020-10-09T02:41:05","guid":{"rendered":"https:\/\/dessevproject.eu\/home\/"},"modified":"2024-09-13T05:21:37","modified_gmt":"2024-09-13T05:21:37","slug":"home","status":"publish","type":"page","link":"https:\/\/dessevproject.eu\/sv\/","title":{"rendered":"Hem"},"content":{"rendered":"<div data-elementor-type=\"wp-page\" data-elementor-id=\"1087\" class=\"elementor elementor-1087\">\n\t\t\t\t\t\t\t\t\t<section class=\"elementor-section elementor-top-section elementor-element elementor-element-564b576 elementor-section-content-middle elementor-section-boxed elementor-section-height-default elementor-section-height-default\" data-id=\"564b576\" data-element_type=\"section\" data-settings=\"{&quot;background_background&quot;:&quot;classic&quot;}\">\n\t\t\t\t\t\t<div class=\"elementor-container elementor-column-gap-no\">\n\t\t\t\t\t<div class=\"elementor-column elementor-col-50 elementor-top-column elementor-element elementor-element-3e28874\" data-id=\"3e28874\" data-element_type=\"column\">\n\t\t\t<div class=\"elementor-widget-wrap elementor-element-populated\">\n\t\t\t\t\t\t\t\t<div class=\"elementor-element elementor-element-ee1470d elementor-widget elementor-widget-heading\" data-id=\"ee1470d\" data-element_type=\"widget\" data-widget_type=\"heading.default\">\n\t\t\t\t<div class=\"elementor-widget-container\">\n\t\t\t<style>\/*! elementor - v3.10.1 - 17-01-2023 *\/\n.elementor-heading-title{padding:0;margin:0;line-height:1}.elementor-widget-heading .elementor-heading-title[class*=elementor-size-]>a{color:inherit;font-size:inherit;line-height:inherit}.elementor-widget-heading .elementor-heading-title.elementor-size-small{font-size:15px}.elementor-widget-heading .elementor-heading-title.elementor-size-medium{font-size:19px}.elementor-widget-heading .elementor-heading-title.elementor-size-large{font-size:29px}.elementor-widget-heading .elementor-heading-title.elementor-size-xl{font-size:39px}.elementor-widget-heading .elementor-heading-title.elementor-size-xxl{font-size:59px}<\/style><h1 class=\"elementor-heading-title elementor-size-default\">DEcision Support System avseende risken f\u00f6r epidemiska hot p\u00e5 ett havsg\u00e5ende fartyg (DESSEV)<\/h1>\t\t<\/div>\n\t\t\t\t<\/div>\n\t\t\t\t<div class=\"elementor-element elementor-element-f5a9254 elementor-widget elementor-widget-text-editor\" data-id=\"f5a9254\" data-element_type=\"widget\" data-widget_type=\"text-editor.default\">\n\t\t\t\t<div class=\"elementor-widget-container\">\n\t\t\t<style>\/*! elementor - v3.10.1 - 17-01-2023 *\/\n.elementor-widget-text-editor.elementor-drop-cap-view-stacked .elementor-drop-cap{background-color:#818a91;color:#fff}.elementor-widget-text-editor.elementor-drop-cap-view-framed .elementor-drop-cap{color:#818a91;border:3px solid;background-color:transparent}.elementor-widget-text-editor:not(.elementor-drop-cap-view-default) .elementor-drop-cap{margin-top:8px}.elementor-widget-text-editor:not(.elementor-drop-cap-view-default) .elementor-drop-cap-letter{width:1em;height:1em}.elementor-widget-text-editor .elementor-drop-cap{float:left;text-align:center;line-height:1;font-size:50px}.elementor-widget-text-editor .elementor-drop-cap-letter{display:inline-block}<\/style>\t\t\t\t<p><span style=\"font-weight: 400;\">DESSEV \u00e4r ett projekt inom ramarna f\u00f6r Erasmus+ samarbetspartnerskap inom yrkesutbildning. M\u00e5let med projektet \u00e4r att designa och utveckla\u00a0<u>ett beslutst\u00f6dssystem<\/u>\u00a0f\u00f6r personal inom sj\u00f6farten som ska ge vissa indikationer vid epidemiutbrott.<\/span><\/p>\t\t\t\t\t\t<\/div>\n\t\t\t\t<\/div>\n\t\t\t\t<div class=\"elementor-element elementor-element-d1e881a elementor-mobile-align-justify elementor-widget__width-auto elementor-widget-mobile__width-inherit elementor-widget elementor-widget-button\" data-id=\"d1e881a\" data-element_type=\"widget\" data-widget_type=\"button.default\">\n\t\t\t\t<div class=\"elementor-widget-container\">\n\t\t\t\t\t<div class=\"elementor-button-wrapper\">\n\t\t\t<a href=\"https:\/\/dessevproject.eu\/sv\/app\/\" class=\"elementor-button-link elementor-button elementor-size-sm\" role=\"button\">\n\t\t\t\t\t\t<span class=\"elementor-button-content-wrapper\">\n\t\t\t\t\t\t<span class=\"elementor-button-text\">Beslutst\u00f6d app<\/span>\n\t\t<\/span>\n\t\t\t\t\t<\/a>\n\t\t<\/div>\n\t\t\t\t<\/div>\n\t\t\t\t<\/div>\n\t\t\t\t<div class=\"elementor-element elementor-element-f8efbdc elementor-widget__width-auto elementor-mobile-align-center elementor-widget-mobile__width-inherit elementor-widget elementor-widget-button\" data-id=\"f8efbdc\" data-element_type=\"widget\" data-widget_type=\"button.default\">\n\t\t\t\t<div class=\"elementor-widget-container\">\n\t\t\t\t\t<div class=\"elementor-button-wrapper\">\n\t\t\t<a href=\"https:\/\/dessevproject.eu\/sv\/about\/\" class=\"elementor-button-link elementor-button elementor-size-sm\" role=\"button\">\n\t\t\t\t\t\t<span class=\"elementor-button-content-wrapper\">\n\t\t\t\t\t\t\t<span class=\"elementor-button-icon elementor-align-icon-right\">\n\t\t\t\t<i aria-hidden=\"true\" class=\"fas fa-long-arrow-alt-right\"><\/i>\t\t\t<\/span>\n\t\t\t\t\t\t<span class=\"elementor-button-text\">Om oss<\/span>\n\t\t<\/span>\n\t\t\t\t\t<\/a>\n\t\t<\/div>\n\t\t\t\t<\/div>\n\t\t\t\t<\/div>\n\t\t\t\t\t<\/div>\n\t\t<\/div>\n\t\t\t\t<div class=\"elementor-column elementor-col-50 elementor-top-column elementor-element elementor-element-8097b79\" data-id=\"8097b79\" data-element_type=\"column\">\n\t\t\t<div class=\"elementor-widget-wrap elementor-element-populated\">\n\t\t\t\t\t\t\t\t<div class=\"elementor-element elementor-element-3a4cfd5 elementor-widget elementor-widget-image\" data-id=\"3a4cfd5\" data-element_type=\"widget\" data-widget_type=\"image.default\">\n\t\t\t\t<div class=\"elementor-widget-container\">\n\t\t\t<style>\/*! elementor - v3.10.1 - 17-01-2023 *\/\n.elementor-widget-image{text-align:center}.elementor-widget-image a{display:inline-block}.elementor-widget-image a img[src$=\".svg\"]{width:48px}.elementor-widget-image img{vertical-align:middle;display:inline-block}<\/style>\t\t\t\t\t\t\t\t\t\t\t\t<img loading=\"lazy\" decoding=\"async\" width=\"800\" height=\"800\" src=\"https:\/\/dessevproject.eu\/wp-content\/uploads\/2023\/01\/Q-flag-circle.png\" class=\"attachment-large size-large wp-image-1078\" alt=\"\" srcset=\"https:\/\/dessevproject.eu\/wp-content\/uploads\/2023\/01\/Q-flag-circle.png 800w, https:\/\/dessevproject.eu\/wp-content\/uploads\/2023\/01\/Q-flag-circle-300x300.png 300w, https:\/\/dessevproject.eu\/wp-content\/uploads\/2023\/01\/Q-flag-circle-150x150.png 150w, https:\/\/dessevproject.eu\/wp-content\/uploads\/2023\/01\/Q-flag-circle-768x768.png 768w\" sizes=\"auto, (max-width: 800px) 100vw, 800px\" \/>\t\t\t\t\t\t\t\t\t\t\t\t\t\t\t<\/div>\n\t\t\t\t<\/div>\n\t\t\t\t\t<\/div>\n\t\t<\/div>\n\t\t\t\t\t\t\t<\/div>\n\t\t<\/section>\n\t\t\t\t<section class=\"elementor-section elementor-top-section elementor-element elementor-element-e16509d elementor-section-boxed elementor-section-height-default elementor-section-height-default\" data-id=\"e16509d\" data-element_type=\"section\">\n\t\t\t\t\t\t<div class=\"elementor-container elementor-column-gap-default\">\n\t\t\t\t\t<div class=\"elementor-column elementor-col-33 elementor-top-column elementor-element elementor-element-e4b1849\" data-id=\"e4b1849\" data-element_type=\"column\">\n\t\t\t<div class=\"elementor-widget-wrap elementor-element-populated\">\n\t\t\t\t\t\t\t\t<div class=\"elementor-element elementor-element-de3401b elementor-widget elementor-widget-heading\" data-id=\"de3401b\" data-element_type=\"widget\" data-widget_type=\"heading.default\">\n\t\t\t\t<div class=\"elementor-widget-container\">\n\t\t\t<h3 class=\"elementor-heading-title elementor-size-default\"><a href=\"https:\/\/dessevproject.eu\/sv\/repository\/\">Digitalt arkiv\n<\/a><\/h3>\t\t<\/div>\n\t\t\t\t<\/div>\n\t\t\t\t<div class=\"elementor-element elementor-element-76a8089 elementor-view-stacked elementor-shape-circle elementor-widget elementor-widget-icon\" data-id=\"76a8089\" data-element_type=\"widget\" data-widget_type=\"icon.default\">\n\t\t\t\t<div class=\"elementor-widget-container\">\n\t\t\t\t\t<div class=\"elementor-icon-wrapper\">\n\t\t\t<a class=\"elementor-icon\" href=\"https:\/\/dessevproject.eu\/sv\/repository\/\">\n\t\t\t<i aria-hidden=\"true\" class=\"far fa-folder-open\"><\/i>\t\t\t<\/a>\n\t\t<\/div>\n\t\t\t\t<\/div>\n\t\t\t\t<\/div>\n\t\t\t\t<div class=\"elementor-element elementor-element-6da75d8 elementor-widget elementor-widget-text-editor\" data-id=\"6da75d8\" data-element_type=\"widget\" data-widget_type=\"text-editor.default\">\n\t\t\t\t<div class=\"elementor-widget-container\">\n\t\t\t\t\t\t\t<p>Ett dataf\u00f6rr\u00e5d online med anv\u00e4ndbara resurser s\u00e5som artiklar, rekommendationer, procedurer i epidemisituationer f\u00f6r marin personal, som sj\u00f6folk kan v\u00e4nda sig till.<\/p>\t\t\t\t\t\t<\/div>\n\t\t\t\t<\/div>\n\t\t\t\t\t<\/div>\n\t\t<\/div>\n\t\t\t\t<div class=\"elementor-column elementor-col-33 elementor-top-column elementor-element elementor-element-fd6d53a\" data-id=\"fd6d53a\" data-element_type=\"column\">\n\t\t\t<div class=\"elementor-widget-wrap elementor-element-populated\">\n\t\t\t\t\t\t\t\t<div class=\"elementor-element elementor-element-0a653ce elementor-widget elementor-widget-heading\" data-id=\"0a653ce\" data-element_type=\"widget\" data-widget_type=\"heading.default\">\n\t\t\t\t<div class=\"elementor-widget-container\">\n\t\t\t<h3 class=\"elementor-heading-title elementor-size-default\"><a href=\"https:\/\/dessevproject.eu\/sv\/app\/\">Beslutst\u00f6d app<\/a><\/h3>\t\t<\/div>\n\t\t\t\t<\/div>\n\t\t\t\t<div class=\"elementor-element elementor-element-d94a705 elementor-view-stacked elementor-shape-circle elementor-widget elementor-widget-icon\" data-id=\"d94a705\" data-element_type=\"widget\" data-widget_type=\"icon.default\">\n\t\t\t\t<div class=\"elementor-widget-container\">\n\t\t\t\t\t<div class=\"elementor-icon-wrapper\">\n\t\t\t<a class=\"elementor-icon\" href=\"https:\/\/dessevproject.eu\/sv\/app\/\">\n\t\t\t<i aria-hidden=\"true\" class=\"fas fa-cogs\"><\/i>\t\t\t<\/a>\n\t\t<\/div>\n\t\t\t\t<\/div>\n\t\t\t\t<\/div>\n\t\t\t\t<div class=\"elementor-element elementor-element-b4c050c elementor-widget elementor-widget-text-editor\" data-id=\"b4c050c\" data-element_type=\"widget\" data-widget_type=\"text-editor.default\">\n\t\t\t\t<div class=\"elementor-widget-container\">\n\t\t\t\t\t\t\t<p>En applikation vars huvudkomponent \u00e4r ett beslutsst\u00f6dssystem, d\u00e4r varje kapten\/officer kan identifiera epidemisituationerna och vidta l\u00e4mpliga \u00e5tg\u00e4rder.<\/p>\t\t\t\t\t\t<\/div>\n\t\t\t\t<\/div>\n\t\t\t\t<div class=\"elementor-element elementor-element-a3383fa elementor-widget elementor-widget-image\" data-id=\"a3383fa\" data-element_type=\"widget\" data-widget_type=\"image.default\">\n\t\t\t\t<div class=\"elementor-widget-container\">\n\t\t\t\t\t\t\t\t\t\t\t\t\t\t\t\t<a href=\"https:\/\/play.google.com\/store\/apps\/details?id=com.dessev&#038;pcampaignid=web_share\" target=\"_blank\">\n\t\t\t\t\t\t\t<img loading=\"lazy\" decoding=\"async\" width=\"300\" height=\"87\" src=\"https:\/\/dessevproject.eu\/wp-content\/uploads\/2024\/09\/googleplay-1-300x87.png\" class=\"attachment-medium size-medium wp-image-2243\" alt=\"\" srcset=\"https:\/\/dessevproject.eu\/wp-content\/uploads\/2024\/09\/googleplay-1-300x87.png 300w, https:\/\/dessevproject.eu\/wp-content\/uploads\/2024\/09\/googleplay-1-1024x296.png 1024w, https:\/\/dessevproject.eu\/wp-content\/uploads\/2024\/09\/googleplay-1-768x222.png 768w, https:\/\/dessevproject.eu\/wp-content\/uploads\/2024\/09\/googleplay-1-1536x444.png 1536w, https:\/\/dessevproject.eu\/wp-content\/uploads\/2024\/09\/googleplay-1-18x5.png 18w, https:\/\/dessevproject.eu\/wp-content\/uploads\/2024\/09\/googleplay-1.png 1770w\" sizes=\"auto, (max-width: 300px) 100vw, 300px\" \/>\t\t\t\t\t\t\t\t<\/a>\n\t\t\t\t\t\t\t\t\t\t\t\t\t\t\t<\/div>\n\t\t\t\t<\/div>\n\t\t\t\t\t<\/div>\n\t\t<\/div>\n\t\t\t\t<div class=\"elementor-column elementor-col-33 elementor-top-column elementor-element elementor-element-449600b\" data-id=\"449600b\" data-element_type=\"column\">\n\t\t\t<div class=\"elementor-widget-wrap elementor-element-populated\">\n\t\t\t\t\t\t\t\t<div class=\"elementor-element elementor-element-07c43e5 elementor-widget elementor-widget-heading\" data-id=\"07c43e5\" data-element_type=\"widget\" data-widget_type=\"heading.default\">\n\t\t\t\t<div class=\"elementor-widget-container\">\n\t\t\t<h3 class=\"elementor-heading-title elementor-size-default\"><a href=\"https:\/\/dessevproject.eu\/sv\/knowledge-base\/\">Kunskapsbas\n<\/a><\/h3>\t\t<\/div>\n\t\t\t\t<\/div>\n\t\t\t\t<div class=\"elementor-element elementor-element-af3be5d elementor-view-stacked elementor-shape-circle elementor-widget elementor-widget-icon\" data-id=\"af3be5d\" data-element_type=\"widget\" data-widget_type=\"icon.default\">\n\t\t\t\t<div class=\"elementor-widget-container\">\n\t\t\t\t\t<div class=\"elementor-icon-wrapper\">\n\t\t\t<a class=\"elementor-icon\" href=\"https:\/\/dessevproject.eu\/sv\/knowledge-base\/\">\n\t\t\t<i aria-hidden=\"true\" class=\"fas fa-book-open\"><\/i>\t\t\t<\/a>\n\t\t<\/div>\n\t\t\t\t<\/div>\n\t\t\t\t<\/div>\n\t\t\t\t<div class=\"elementor-element elementor-element-8206ca5 elementor-widget elementor-widget-text-editor\" data-id=\"8206ca5\" data-element_type=\"widget\" data-widget_type=\"text-editor.default\">\n\t\t\t\t<div class=\"elementor-widget-container\">\n\t\t\t\t\t\t\t<p>Kunskapsbas i form av <br \/>\"OM ... S\u00c5 ...\"-regelbas<br \/>som enkelt kan implementeras i beslutsst\u00f6dsystem.<\/p>\t\t\t\t\t\t<\/div>\n\t\t\t\t<\/div>\n\t\t\t\t\t<\/div>\n\t\t<\/div>\n\t\t\t\t\t\t\t<\/div>\n\t\t<\/section>\n\t\t\t\t\t\t\t<\/div>","protected":false},"excerpt":{"rendered":"<p>DEcision Support System regarding the risk of Epidemic threats on a sea-going Vessel (DESSEV) DESSEV is the Cooperation partnerships in vocational education and training Erasmus+ project. The aim of the project is to design and develop the\u00a0decision support system\u00a0for maritime management personnel in order to give some indications in the case of epidemic outbreak. Decision &hellip;<\/p>\n<p class=\"read-more\"> <a class=\"\" href=\"https:\/\/dessevproject.eu\/sv\/\"> <span class=\"screen-reader-text\">Hem<\/span> L\u00e4s mer &raquo;<\/a><\/p>","protected":false},"author":1,"featured_media":0,"parent":0,"menu_order":0,"comment_status":"closed","ping_status":"closed","template":"","meta":{"_uag_custom_page_level_css":"","site-sidebar-layout":"no-sidebar","site-content-layout":"page-builder","ast-global-header-display":"","ast-main-header-display":"","ast-hfb-above-header-display":"","ast-hfb-below-header-display":"","ast-hfb-mobile-header-display":"","site-post-title":"disabled","ast-breadcrumbs-content":"","ast-featured-img":"disabled","footer-sml-layout":"","theme-transparent-header-meta":"enabled","adv-header-id-meta":"","stick-header-meta":"","header-above-stick-meta":"","header-main-stick-meta":"","header-below-stick-meta":"","footnotes":""},"class_list":["post-1087","page","type-page","status-publish","hentry"],"uagb_featured_image_src":{"full":false,"thumbnail":false,"medium":false,"medium_large":false,"large":false,"1536x1536":false,"2048x2048":false,"trp-custom-language-flag":false},"uagb_author_info":{"display_name":"admin","author_link":"https:\/\/dessevproject.eu\/sv\/author\/admin\/"},"uagb_comment_info":0,"uagb_excerpt":"DEcision Support System regarding the risk of Epidemic threats on a sea-going Vessel (DESSEV) DESSEV is the Cooperation partnerships in vocational education and training Erasmus+ project. The aim of the project is to design and develop the\u00a0decision support system\u00a0for maritime management personnel in order to give some indications in the case of epidemic outbreak. Decision&hellip;","_links":{"self":[{"href":"https:\/\/dessevproject.eu\/sv\/wp-json\/wp\/v2\/pages\/1087","targetHints":{"allow":["GET"]}}],"collection":[{"href":"https:\/\/dessevproject.eu\/sv\/wp-json\/wp\/v2\/pages"}],"about":[{"href":"https:\/\/dessevproject.eu\/sv\/wp-json\/wp\/v2\/types\/page"}],"author":[{"embeddable":true,"href":"https:\/\/dessevproject.eu\/sv\/wp-json\/wp\/v2\/users\/1"}],"replies":[{"embeddable":true,"href":"https:\/\/dessevproject.eu\/sv\/wp-json\/wp\/v2\/comments?post=1087"}],"version-history":[{"count":51,"href":"https:\/\/dessevproject.eu\/sv\/wp-json\/wp\/v2\/pages\/1087\/revisions"}],"predecessor-version":[{"id":2246,"href":"https:\/\/dessevproject.eu\/sv\/wp-json\/wp\/v2\/pages\/1087\/revisions\/2246"}],"wp:attachment":[{"href":"https:\/\/dessevproject.eu\/sv\/wp-json\/wp\/v2\/media?parent=1087"}],"curies":[{"name":"wp","href":"https:\/\/api.w.org\/{rel}","templated":true}]}}