{"id":1125,"date":"2023-01-24T08:20:39","date_gmt":"2023-01-24T08:20:39","guid":{"rendered":"https:\/\/dessevproject.eu\/?page_id=1125"},"modified":"2024-09-13T05:22:37","modified_gmt":"2024-09-13T05:22:37","slug":"objectives","status":"publish","type":"page","link":"https:\/\/dessevproject.eu\/sl\/objectives\/","title":{"rendered":"Cilji"},"content":{"rendered":"<div data-elementor-type=\"wp-page\" data-elementor-id=\"1125\" class=\"elementor elementor-1125\">\n\t\t\t\t\t\t\t\t\t<section class=\"elementor-section elementor-top-section elementor-element elementor-element-3d1e827 elementor-section-boxed elementor-section-height-default elementor-section-height-default\" data-id=\"3d1e827\" data-element_type=\"section\" data-settings=\"{&quot;background_background&quot;:&quot;classic&quot;}\">\n\t\t\t\t\t\t<div class=\"elementor-container elementor-column-gap-no\">\n\t\t\t\t\t<div class=\"elementor-column elementor-col-100 elementor-top-column elementor-element elementor-element-b4a18c9\" data-id=\"b4a18c9\" data-element_type=\"column\">\n\t\t\t<div class=\"elementor-widget-wrap elementor-element-populated\">\n\t\t\t\t\t\t\t\t<div class=\"elementor-element elementor-element-3470736 elementor-widget elementor-widget-heading\" data-id=\"3470736\" data-element_type=\"widget\" data-widget_type=\"heading.default\">\n\t\t\t\t<div class=\"elementor-widget-container\">\n\t\t\t<style>\/*! elementor - v3.10.1 - 17-01-2023 *\/\n.elementor-heading-title{padding:0;margin:0;line-height:1}.elementor-widget-heading .elementor-heading-title[class*=elementor-size-]>a{color:inherit;font-size:inherit;line-height:inherit}.elementor-widget-heading .elementor-heading-title.elementor-size-small{font-size:15px}.elementor-widget-heading .elementor-heading-title.elementor-size-medium{font-size:19px}.elementor-widget-heading .elementor-heading-title.elementor-size-large{font-size:29px}.elementor-widget-heading .elementor-heading-title.elementor-size-xl{font-size:39px}.elementor-widget-heading .elementor-heading-title.elementor-size-xxl{font-size:59px}<\/style><h1 class=\"elementor-heading-title elementor-size-default\">Cilji<\/h1>\t\t<\/div>\n\t\t\t\t<\/div>\n\t\t\t\t<div class=\"elementor-element elementor-element-4db49fa elementor-widget elementor-widget-text-editor\" data-id=\"4db49fa\" data-element_type=\"widget\" data-widget_type=\"text-editor.default\">\n\t\t\t\t<div class=\"elementor-widget-container\">\n\t\t\t<style>\/*! elementor - v3.10.1 - 17-01-2023 *\/\n.elementor-widget-text-editor.elementor-drop-cap-view-stacked .elementor-drop-cap{background-color:#818a91;color:#fff}.elementor-widget-text-editor.elementor-drop-cap-view-framed .elementor-drop-cap{color:#818a91;border:3px solid;background-color:transparent}.elementor-widget-text-editor:not(.elementor-drop-cap-view-default) .elementor-drop-cap{margin-top:8px}.elementor-widget-text-editor:not(.elementor-drop-cap-view-default) .elementor-drop-cap-letter{width:1em;height:1em}.elementor-widget-text-editor .elementor-drop-cap{float:left;text-align:center;line-height:1;font-size:50px}.elementor-widget-text-editor .elementor-drop-cap-letter{display:inline-block}<\/style>\t\t\t\t<p>Projekt DESSEV Erasmus+ je zdru\u017eil sedem organizacij iz \u0161estih evropskih dr\u017eav, da bi oblikovali in razvili sistem za podporo pomorcem pri sprejemanju odlo\u010ditev<br \/>v primeru izbruha epidemije na krovu ladje.<\/p>\t\t\t\t\t\t<\/div>\n\t\t\t\t<\/div>\n\t\t\t\t\t<\/div>\n\t\t<\/div>\n\t\t\t\t\t\t\t<\/div>\n\t\t<\/section>\n\t\t\t\t<section class=\"elementor-section elementor-top-section elementor-element elementor-element-18d903a7 elementor-section-boxed elementor-section-height-default elementor-section-height-default\" data-id=\"18d903a7\" data-element_type=\"section\">\n\t\t\t\t\t\t<div class=\"elementor-container elementor-column-gap-default\">\n\t\t\t\t\t<div class=\"elementor-column elementor-col-100 elementor-top-column elementor-element elementor-element-69624152\" data-id=\"69624152\" data-element_type=\"column\">\n\t\t\t<div class=\"elementor-widget-wrap elementor-element-populated\">\n\t\t\t\t\t\t\t\t<div class=\"elementor-element elementor-element-40dbf63b elementor-widget elementor-widget-text-editor\" data-id=\"40dbf63b\" data-element_type=\"widget\" data-widget_type=\"text-editor.default\">\n\t\t\t\t<div class=\"elementor-widget-container\">\n\t\t\t\t\t\t\t<!-- wp:paragraph -->\n<p>Projekt je namenjen vpra\u0161anjem, povezanimi z izbruhom epidemije na morskem plovilu. V praksi plovilo postane premikajo\u010di se izolacijski prostor, ki ima velik potencial za \u0161irjenje bolezni na \u0161ir\u0161e obmo\u010dje.<\/p>\n<p>Izbruh COVID-19 je pokazal, da marsikje manjkajo  ustrezni mehanizmi za re\u0161evanje nujnih bolezenskih primerov. \u010ceprav so \u0161tevilni sporazumi in pogodbe predvidevali tveganje \u00bbvi\u0161je sile\u00ab, se nih\u010de ni zavedal, da to lahko postane globalno.<\/p>\n<p>COVID-19 je pokazal, da zelo pogosto obstoje\u010di postopki niso prilagojeni realnim okoli\u0161\u010dinam. Zelo pogosto je treba hitro razviti nove. V\u010dasih celo ni pravne podlage za izvajanje in uporabo takih postopkov.<\/p>\n<p>Cilj projekta je zasnovati in razviti sistem za podporo pomorskemu vodstvenu kadru pri sprejemanju odlo\u010ditev v primeru izbruha epidemije.<\/p>\n<!-- \/wp:paragraph -->\t\t\t\t\t\t<\/div>\n\t\t\t\t<\/div>\n\t\t\t\t\t<\/div>\n\t\t<\/div>\n\t\t\t\t\t\t\t<\/div>\n\t\t<\/section>\n\t\t\t\t<section class=\"elementor-section elementor-top-section elementor-element elementor-element-dba9e08 elementor-section-boxed elementor-section-height-default elementor-section-height-default\" data-id=\"dba9e08\" data-element_type=\"section\">\n\t\t\t\t\t\t<div class=\"elementor-container elementor-column-gap-default\">\n\t\t\t\t\t<div class=\"elementor-column elementor-col-100 elementor-top-column elementor-element elementor-element-25a92a0\" data-id=\"25a92a0\" data-element_type=\"column\">\n\t\t\t<div class=\"elementor-widget-wrap elementor-element-populated\">\n\t\t\t\t\t\t\t\t<div class=\"elementor-element elementor-element-447c7f6 elementor-widget elementor-widget-heading\" data-id=\"447c7f6\" data-element_type=\"widget\" data-widget_type=\"heading.default\">\n\t\t\t\t<div class=\"elementor-widget-container\">\n\t\t\t<h2 class=\"elementor-heading-title elementor-size-default\">Cilji projekta<\/h2>\t\t<\/div>\n\t\t\t\t<\/div>\n\t\t\t\t\t<\/div>\n\t\t<\/div>\n\t\t\t\t\t\t\t<\/div>\n\t\t<\/section>\n\t\t\t\t<section class=\"elementor-section elementor-top-section elementor-element elementor-element-dad2e47 elementor-section-boxed elementor-section-height-default elementor-section-height-default\" data-id=\"dad2e47\" data-element_type=\"section\">\n\t\t\t\t\t\t<div class=\"elementor-container elementor-column-gap-default\">\n\t\t\t\t\t<div class=\"elementor-column elementor-col-33 elementor-top-column elementor-element elementor-element-82f532e\" data-id=\"82f532e\" data-element_type=\"column\">\n\t\t\t<div class=\"elementor-widget-wrap elementor-element-populated\">\n\t\t\t\t\t\t\t\t<div class=\"elementor-element elementor-element-d518dc8 elementor-widget elementor-widget-heading\" data-id=\"d518dc8\" data-element_type=\"widget\" data-widget_type=\"heading.default\">\n\t\t\t\t<div class=\"elementor-widget-container\">\n\t\t\t<h3 class=\"elementor-heading-title elementor-size-default\"><a href=\"https:\/\/dessevproject.eu\/sl\/repository\/\">Repozitorij\n<\/a><\/h3>\t\t<\/div>\n\t\t\t\t<\/div>\n\t\t\t\t<div class=\"elementor-element elementor-element-69ebd4e elementor-view-stacked elementor-shape-circle elementor-widget elementor-widget-icon\" data-id=\"69ebd4e\" data-element_type=\"widget\" data-widget_type=\"icon.default\">\n\t\t\t\t<div class=\"elementor-widget-container\">\n\t\t\t\t\t<div class=\"elementor-icon-wrapper\">\n\t\t\t<a class=\"elementor-icon\" href=\"https:\/\/dessevproject.eu\/sl\/repository\/\">\n\t\t\t<i aria-hidden=\"true\" class=\"far fa-folder-open\"><\/i>\t\t\t<\/a>\n\t\t<\/div>\n\t\t\t\t<\/div>\n\t\t\t\t<\/div>\n\t\t\t\t<div class=\"elementor-element elementor-element-3c4f310 elementor-widget elementor-widget-text-editor\" data-id=\"3c4f310\" data-element_type=\"widget\" data-widget_type=\"text-editor.default\">\n\t\t\t\t<div class=\"elementor-widget-container\">\n\t\t\t\t\t\t\t<p>Spletno skladi\u0161\u010de podatkov z uporabnimi viri kot so \u010dlanki, priporo\u010dila, postopki zdravljenja v razmerah epidemije za pomorsko osebje, na katerega se lahko obrnejo pomor\u0161\u010daki.<\/p>\t\t\t\t\t\t<\/div>\n\t\t\t\t<\/div>\n\t\t\t\t\t<\/div>\n\t\t<\/div>\n\t\t\t\t<div class=\"elementor-column elementor-col-33 elementor-top-column elementor-element elementor-element-c5fedf7\" data-id=\"c5fedf7\" data-element_type=\"column\">\n\t\t\t<div class=\"elementor-widget-wrap elementor-element-populated\">\n\t\t\t\t\t\t\t\t<div class=\"elementor-element elementor-element-2520f66 elementor-widget elementor-widget-heading\" data-id=\"2520f66\" data-element_type=\"widget\" data-widget_type=\"heading.default\">\n\t\t\t\t<div class=\"elementor-widget-container\">\n\t\t\t<h3 class=\"elementor-heading-title elementor-size-default\"><a href=\"https:\/\/dessevproject.eu\/sl\/app\/\">Aplikacija za podporo pri odlo\u010danju<\/a><\/h3>\t\t<\/div>\n\t\t\t\t<\/div>\n\t\t\t\t<div class=\"elementor-element elementor-element-e391f00 elementor-view-stacked elementor-shape-circle elementor-widget elementor-widget-icon\" data-id=\"e391f00\" data-element_type=\"widget\" data-widget_type=\"icon.default\">\n\t\t\t\t<div class=\"elementor-widget-container\">\n\t\t\t\t\t<div class=\"elementor-icon-wrapper\">\n\t\t\t<a class=\"elementor-icon\" href=\"https:\/\/dessevproject.eu\/sl\/app\/\">\n\t\t\t<i aria-hidden=\"true\" class=\"fas fa-cogs\"><\/i>\t\t\t<\/a>\n\t\t<\/div>\n\t\t\t\t<\/div>\n\t\t\t\t<\/div>\n\t\t\t\t<div class=\"elementor-element elementor-element-96eedaa elementor-widget elementor-widget-text-editor\" data-id=\"96eedaa\" data-element_type=\"widget\" data-widget_type=\"text-editor.default\">\n\t\t\t\t<div class=\"elementor-widget-container\">\n\t\t\t\t\t\t\t<p>Aplikacija, katere glavna komponenta je sistem za podporo pri odlo\u010danju, kjer lahko vsak kapitan\/\u010dastnik prepozna epidemi\u010dne razmere in lahko ustrezno ukrepa.<\/p>\t\t\t\t\t\t<\/div>\n\t\t\t\t<\/div>\n\t\t\t\t<div class=\"elementor-element elementor-element-b839506 elementor-widget elementor-widget-image\" data-id=\"b839506\" data-element_type=\"widget\" data-widget_type=\"image.default\">\n\t\t\t\t<div class=\"elementor-widget-container\">\n\t\t\t<style>\/*! elementor - v3.10.1 - 17-01-2023 *\/\n.elementor-widget-image{text-align:center}.elementor-widget-image a{display:inline-block}.elementor-widget-image a img[src$=\".svg\"]{width:48px}.elementor-widget-image img{vertical-align:middle;display:inline-block}<\/style>\t\t\t\t\t\t\t\t\t\t\t\t\t<a href=\"https:\/\/play.google.com\/store\/apps\/details?id=com.dessev&#038;pcampaignid=web_share\" target=\"_blank\">\n\t\t\t\t\t\t\t<img loading=\"lazy\" decoding=\"async\" width=\"300\" height=\"87\" src=\"https:\/\/dessevproject.eu\/wp-content\/uploads\/2024\/09\/googleplay-1-300x87.png\" class=\"attachment-medium size-medium wp-image-2243\" alt=\"\" srcset=\"https:\/\/dessevproject.eu\/wp-content\/uploads\/2024\/09\/googleplay-1-300x87.png 300w, https:\/\/dessevproject.eu\/wp-content\/uploads\/2024\/09\/googleplay-1-1024x296.png 1024w, https:\/\/dessevproject.eu\/wp-content\/uploads\/2024\/09\/googleplay-1-768x222.png 768w, https:\/\/dessevproject.eu\/wp-content\/uploads\/2024\/09\/googleplay-1-1536x444.png 1536w, https:\/\/dessevproject.eu\/wp-content\/uploads\/2024\/09\/googleplay-1-18x5.png 18w, https:\/\/dessevproject.eu\/wp-content\/uploads\/2024\/09\/googleplay-1.png 1770w\" sizes=\"auto, (max-width: 300px) 100vw, 300px\" \/>\t\t\t\t\t\t\t\t<\/a>\n\t\t\t\t\t\t\t\t\t\t\t\t\t\t\t<\/div>\n\t\t\t\t<\/div>\n\t\t\t\t\t<\/div>\n\t\t<\/div>\n\t\t\t\t<div class=\"elementor-column elementor-col-33 elementor-top-column elementor-element elementor-element-906e262\" data-id=\"906e262\" data-element_type=\"column\">\n\t\t\t<div class=\"elementor-widget-wrap elementor-element-populated\">\n\t\t\t\t\t\t\t\t<div class=\"elementor-element elementor-element-9bd98ff elementor-widget elementor-widget-heading\" data-id=\"9bd98ff\" data-element_type=\"widget\" data-widget_type=\"heading.default\">\n\t\t\t\t<div class=\"elementor-widget-container\">\n\t\t\t<h3 class=\"elementor-heading-title elementor-size-default\"><a href=\"https:\/\/dessevproject.eu\/sl\/knowledge-base\/\">Baza znanja<\/a><\/h3>\t\t<\/div>\n\t\t\t\t<\/div>\n\t\t\t\t<div class=\"elementor-element elementor-element-aa29814 elementor-view-stacked elementor-shape-circle elementor-widget elementor-widget-icon\" data-id=\"aa29814\" data-element_type=\"widget\" data-widget_type=\"icon.default\">\n\t\t\t\t<div class=\"elementor-widget-container\">\n\t\t\t\t\t<div class=\"elementor-icon-wrapper\">\n\t\t\t<a class=\"elementor-icon\" href=\"https:\/\/dessevproject.eu\/sl\/knowledge-base\/\">\n\t\t\t<i aria-hidden=\"true\" class=\"fas fa-book-open\"><\/i>\t\t\t<\/a>\n\t\t<\/div>\n\t\t\t\t<\/div>\n\t\t\t\t<\/div>\n\t\t\t\t<div class=\"elementor-element elementor-element-11613a4 elementor-widget elementor-widget-text-editor\" data-id=\"11613a4\" data-element_type=\"widget\" data-widget_type=\"text-editor.default\">\n\t\t\t\t<div class=\"elementor-widget-container\">\n\t\t\t\t\t\t\t<p>Baza znanja v obliki <br \/>pravila \u201c\u010cE \u2026 POTEM \u2026\u201d,<br \/>ki se z lahkoto vklju\u010di v sistem za podporo pri odlo\u010danju.<\/p>\t\t\t\t\t\t<\/div>\n\t\t\t\t<\/div>\n\t\t\t\t\t<\/div>\n\t\t<\/div>\n\t\t\t\t\t\t\t<\/div>\n\t\t<\/section>\n\t\t\t\t\t\t\t<\/div>","protected":false},"excerpt":{"rendered":"<p>Objectives DESSEV Erasmus+ project brought together seven organisations from six European countries to design and develop the decision support system for maritime decision makers in order to givesome indications in the case of epidemic outbreak. The project is devoted to issues related to the outbreak of an epidemic on the sea-going vessel. In practice, the &hellip;<\/p>\n<p class=\"read-more\"> <a class=\"\" href=\"https:\/\/dessevproject.eu\/sl\/objectives\/\"> <span class=\"screen-reader-text\">Cilji<\/span> Read More &raquo;<\/a><\/p>","protected":false},"author":1,"featured_media":0,"parent":0,"menu_order":0,"comment_status":"closed","ping_status":"closed","template":"","meta":{"_uag_custom_page_level_css":"","site-sidebar-layout":"no-sidebar","site-content-layout":"page-builder","ast-global-header-display":"","ast-main-header-display":"","ast-hfb-above-header-display":"","ast-hfb-below-header-display":"","ast-hfb-mobile-header-display":"","site-post-title":"disabled","ast-breadcrumbs-content":"","ast-featured-img":"","footer-sml-layout":"","theme-transparent-header-meta":"enabled","adv-header-id-meta":"","stick-header-meta":"","header-above-stick-meta":"","header-main-stick-meta":"","header-below-stick-meta":"","footnotes":""},"class_list":["post-1125","page","type-page","status-publish","hentry"],"uagb_featured_image_src":{"full":false,"thumbnail":false,"medium":false,"medium_large":false,"large":false,"1536x1536":false,"2048x2048":false,"trp-custom-language-flag":false},"uagb_author_info":{"display_name":"admin","author_link":"https:\/\/dessevproject.eu\/sl\/author\/admin\/"},"uagb_comment_info":0,"uagb_excerpt":"Objectives DESSEV Erasmus+ project brought together seven organisations from six European countries to design and develop the decision support system for maritime decision makers in order to givesome indications in the case of epidemic outbreak. The project is devoted to issues related to the outbreak of an epidemic on the sea-going vessel. In practice, the&hellip;","_links":{"self":[{"href":"https:\/\/dessevproject.eu\/sl\/wp-json\/wp\/v2\/pages\/1125","targetHints":{"allow":["GET"]}}],"collection":[{"href":"https:\/\/dessevproject.eu\/sl\/wp-json\/wp\/v2\/pages"}],"about":[{"href":"https:\/\/dessevproject.eu\/sl\/wp-json\/wp\/v2\/types\/page"}],"author":[{"embeddable":true,"href":"https:\/\/dessevproject.eu\/sl\/wp-json\/wp\/v2\/users\/1"}],"replies":[{"embeddable":true,"href":"https:\/\/dessevproject.eu\/sl\/wp-json\/wp\/v2\/comments?post=1125"}],"version-history":[{"count":56,"href":"https:\/\/dessevproject.eu\/sl\/wp-json\/wp\/v2\/pages\/1125\/revisions"}],"predecessor-version":[{"id":2249,"href":"https:\/\/dessevproject.eu\/sl\/wp-json\/wp\/v2\/pages\/1125\/revisions\/2249"}],"wp:attachment":[{"href":"https:\/\/dessevproject.eu\/sl\/wp-json\/wp\/v2\/media?parent=1125"}],"curies":[{"name":"wp","href":"https:\/\/api.w.org\/{rel}","templated":true}]}}