{"id":1123,"date":"2023-01-24T08:14:56","date_gmt":"2023-01-24T08:14:56","guid":{"rendered":"https:\/\/dessevproject.eu\/?page_id=1123"},"modified":"2023-01-24T15:08:37","modified_gmt":"2023-01-24T15:08:37","slug":"project","status":"publish","type":"page","link":"https:\/\/dessevproject.eu\/sl\/project\/","title":{"rendered":"O projektu"},"content":{"rendered":"<div data-elementor-type=\"wp-page\" data-elementor-id=\"1123\" class=\"elementor elementor-1123\">\n\t\t\t\t\t\t\t\t\t<section class=\"elementor-section elementor-top-section elementor-element elementor-element-dc006dc elementor-section-boxed elementor-section-height-default elementor-section-height-default\" data-id=\"dc006dc\" data-element_type=\"section\" data-settings=\"{&quot;background_background&quot;:&quot;classic&quot;}\">\n\t\t\t\t\t\t<div class=\"elementor-container elementor-column-gap-no\">\n\t\t\t\t\t<div class=\"elementor-column elementor-col-100 elementor-top-column elementor-element elementor-element-1d46226\" data-id=\"1d46226\" data-element_type=\"column\">\n\t\t\t<div class=\"elementor-widget-wrap elementor-element-populated\">\n\t\t\t\t\t\t\t\t<div class=\"elementor-element elementor-element-4843bd1 elementor-widget elementor-widget-heading\" data-id=\"4843bd1\" data-element_type=\"widget\" data-widget_type=\"heading.default\">\n\t\t\t\t<div class=\"elementor-widget-container\">\n\t\t\t<style>\/*! elementor - v3.10.1 - 17-01-2023 *\/\n.elementor-heading-title{padding:0;margin:0;line-height:1}.elementor-widget-heading .elementor-heading-title[class*=elementor-size-]>a{color:inherit;font-size:inherit;line-height:inherit}.elementor-widget-heading .elementor-heading-title.elementor-size-small{font-size:15px}.elementor-widget-heading .elementor-heading-title.elementor-size-medium{font-size:19px}.elementor-widget-heading .elementor-heading-title.elementor-size-large{font-size:29px}.elementor-widget-heading .elementor-heading-title.elementor-size-xl{font-size:39px}.elementor-widget-heading .elementor-heading-title.elementor-size-xxl{font-size:59px}<\/style><h1 class=\"elementor-heading-title elementor-size-default\">O projektu<\/h1>\t\t<\/div>\n\t\t\t\t<\/div>\n\t\t\t\t<div class=\"elementor-element elementor-element-644d8bd elementor-widget elementor-widget-text-editor\" data-id=\"644d8bd\" data-element_type=\"widget\" data-widget_type=\"text-editor.default\">\n\t\t\t\t<div class=\"elementor-widget-container\">\n\t\t\t<style>\/*! elementor - v3.10.1 - 17-01-2023 *\/\n.elementor-widget-text-editor.elementor-drop-cap-view-stacked .elementor-drop-cap{background-color:#818a91;color:#fff}.elementor-widget-text-editor.elementor-drop-cap-view-framed .elementor-drop-cap{color:#818a91;border:3px solid;background-color:transparent}.elementor-widget-text-editor:not(.elementor-drop-cap-view-default) .elementor-drop-cap{margin-top:8px}.elementor-widget-text-editor:not(.elementor-drop-cap-view-default) .elementor-drop-cap-letter{width:1em;height:1em}.elementor-widget-text-editor .elementor-drop-cap{float:left;text-align:center;line-height:1;font-size:50px}.elementor-widget-text-editor .elementor-drop-cap-letter{display:inline-block}<\/style>\t\t\t\t<p>Projekt DESSEV Erasmus+ je zdru\u017eil sedem organizacij iz \u0161estih evropskih dr\u017eav, da bi oblikovali in razvili sistem za podporo pomorcem pri sprejemanju odlo\u010ditev<br \/>v primeru izbruha epidemije na krovu ladje.<\/p>\t\t\t\t\t\t<\/div>\n\t\t\t\t<\/div>\n\t\t\t\t\t<\/div>\n\t\t<\/div>\n\t\t\t\t\t\t\t<\/div>\n\t\t<\/section>\n\t\t\t\t<section class=\"elementor-section elementor-top-section elementor-element elementor-element-5026463 elementor-section-boxed elementor-section-height-default elementor-section-height-default\" data-id=\"5026463\" data-element_type=\"section\">\n\t\t\t\t\t\t<div class=\"elementor-container elementor-column-gap-default\">\n\t\t\t\t\t<div class=\"elementor-column elementor-col-100 elementor-top-column elementor-element elementor-element-1c20ce08\" data-id=\"1c20ce08\" data-element_type=\"column\">\n\t\t\t<div class=\"elementor-widget-wrap elementor-element-populated\">\n\t\t\t\t\t\t\t\t<div class=\"elementor-element elementor-element-7eb5601c elementor-widget elementor-widget-text-editor\" data-id=\"7eb5601c\" data-element_type=\"widget\" data-widget_type=\"text-editor.default\">\n\t\t\t\t<div class=\"elementor-widget-container\">\n\t\t\t\t\t\t\t<!-- wp:paragraph -->\n<p>Projekt je posve\u010den vpra\u0161anjem, povezanimi z izbruhi epidemij na ladjah. V praksi plovilo postane premikajo\u010di se izolacijski prostor, ki ima velik potencial za \u0161irjenje bolezni na \u0161ir\u0161e obmo\u010dje. Izbruh COVID-19 je pokazal, da marsikje ni mehanizmov za re\u0161evanje nujnih primerov bolezni. \u010ceprav so \u0161tevilni sporazumi in pogodbe predvidevali tveganje \u00bbvi\u0161je sile\u00ab, se nih\u010de ni zavedal, da to lahko postane tako globalno.  COVID-19 je pokazal, da zelo pogosto obstoje\u010di postopki niso prilagojeni realnosti okoli nas. Zelo pogosto je treba hitro razviti nove. V\u010dasih celo ni pravne podlage za izvajanje in uporabo takih postopkov. V vsaki dr\u017eavi so bile sprejete razli\u010dne re\u0161itve v zvezi z nevarnostjo koronavirusa. Nekatera dejanja se izka\u017eejo za pravilna, nekatera ne.<br>\u017dal je velikokrat pomemben tudi dru\u017ebeni dejavnik (nasprotovanje cepljenju, lockdowni ipd.). V\u010dasih pa se znajdemo v situaciji, ko komaj \u010dakamo, da se razvijejo novi postopki. COVID-19 je negativno vplival na skoraj vsa podro\u010dja gospodarstva. Lahko re\u010demo, da gre za najve\u010djo globalno gro\u017enjo po drugi svetovni vojni. Namen projekta je zgraditi ekspertni sistem glede tveganja epidemi\u010dne ogro\u017eenosti na morskem plovilu (ne le COVID-19). Vsaka trgovska ladja, plovilo za prosti \u010das, jadrnica mora biti opremljena z ustrezno komunikacijsko opremo, glede na njeno podro\u010dje plovbe. To je lahko radijska postaja, satelitska postaja, mobilni telefon itd. Vsak od teh komunikacijskih sistemov ima druga\u010den protokol za pridobitev zdravstvene pomo\u010di (ali nasveta). Poleg tega morajo biti radijski operaterji na krovu ladje certificirani s strani poobla\u0161\u010dene organizacije in morajo biti seznanjeni s postopki pomorske radijske komunikacije. Obstaja ve\u010d vrst certifikatov radijskih operaterjev, odvisno od njihovega namena. Najpogostej\u0161i je na primer certifikat SRC (Short Range Certificate), ki ga uporabljajo mornarji, in GOC (General Operator\u2019s Certificate), ki ga zahteva STCW za \u010dastnike krova. Motivacija projekta je zagotoviti ekspertni sistem, ki bi lahko bil koristen pri re\u0161evanju: i) kako lahko nemedicinsko osebje oceni trenutno zdravstveno situacijo; ii) na katero zdravstveno ustanovo se je treba obrniti; iii) kak\u0161no komunikacijsko sredstvo je treba uporabiti.<br>Cilj projekta je torej oblikovati in razviti sistem za podporo odlo\u010danju za pomorske odlo\u010devalce, ki bi jim podal tudi nekaj navodil v primeru izbruha epidemije. Na primer: en \u010dlan posadke je zbolel na krovu ladje; bil je zdravni\u0161ko oskrbljen. Naslednji dan sta zboleli \u0161e dve osebi. Kapitan za\u010dne sumiti na epidemijo (nalezljiva bolezen, zastrupitev s hrano). Kapitan lahko ugotovljene simptome vnese v sistem odlo\u010danja in na podlagi tega vnosa ga sistem usmerja \u2013 kako zagotoviti medicinsko pomo\u010d, katere slu\u017ebe obvestiti, katere postopke izvesti. <\/p>\n<!-- \/wp:paragraph -->\t\t\t\t\t\t<\/div>\n\t\t\t\t<\/div>\n\t\t\t\t\t<\/div>\n\t\t<\/div>\n\t\t\t\t\t\t\t<\/div>\n\t\t<\/section>\n\t\t\t\t\t\t\t<\/div>","protected":false},"excerpt":{"rendered":"<p>About the Project DESSEV Erasmus+ project brought together seven organisations from six European countries to design and develop the decision support system for maritime decision makers in order to givesome indications in the case of epidemic outbreak. The project is devoted to issues related to the outbreak of an epidemic on the sea-going vessel. In &hellip;<\/p>\n<p class=\"read-more\"> <a class=\"\" href=\"https:\/\/dessevproject.eu\/sl\/project\/\"> <span class=\"screen-reader-text\">O projektu<\/span> Read More &raquo;<\/a><\/p>","protected":false},"author":1,"featured_media":0,"parent":0,"menu_order":0,"comment_status":"closed","ping_status":"closed","template":"","meta":{"_uag_custom_page_level_css":"","site-sidebar-layout":"no-sidebar","site-content-layout":"page-builder","ast-global-header-display":"","ast-main-header-display":"","ast-hfb-above-header-display":"","ast-hfb-below-header-display":"","ast-hfb-mobile-header-display":"","site-post-title":"disabled","ast-breadcrumbs-content":"","ast-featured-img":"","footer-sml-layout":"","theme-transparent-header-meta":"enabled","adv-header-id-meta":"","stick-header-meta":"","header-above-stick-meta":"","header-main-stick-meta":"","header-below-stick-meta":"","footnotes":""},"class_list":["post-1123","page","type-page","status-publish","hentry"],"uagb_featured_image_src":{"full":false,"thumbnail":false,"medium":false,"medium_large":false,"large":false,"1536x1536":false,"2048x2048":false,"trp-custom-language-flag":false},"uagb_author_info":{"display_name":"admin","author_link":"https:\/\/dessevproject.eu\/sl\/author\/admin\/"},"uagb_comment_info":0,"uagb_excerpt":"About the Project DESSEV Erasmus+ project brought together seven organisations from six European countries to design and develop the decision support system for maritime decision makers in order to givesome indications in the case of epidemic outbreak. The project is devoted to issues related to the outbreak of an epidemic on the sea-going vessel. In&hellip;","_links":{"self":[{"href":"https:\/\/dessevproject.eu\/sl\/wp-json\/wp\/v2\/pages\/1123","targetHints":{"allow":["GET"]}}],"collection":[{"href":"https:\/\/dessevproject.eu\/sl\/wp-json\/wp\/v2\/pages"}],"about":[{"href":"https:\/\/dessevproject.eu\/sl\/wp-json\/wp\/v2\/types\/page"}],"author":[{"embeddable":true,"href":"https:\/\/dessevproject.eu\/sl\/wp-json\/wp\/v2\/users\/1"}],"replies":[{"embeddable":true,"href":"https:\/\/dessevproject.eu\/sl\/wp-json\/wp\/v2\/comments?post=1123"}],"version-history":[{"count":20,"href":"https:\/\/dessevproject.eu\/sl\/wp-json\/wp\/v2\/pages\/1123\/revisions"}],"predecessor-version":[{"id":1286,"href":"https:\/\/dessevproject.eu\/sl\/wp-json\/wp\/v2\/pages\/1123\/revisions\/1286"}],"wp:attachment":[{"href":"https:\/\/dessevproject.eu\/sl\/wp-json\/wp\/v2\/media?parent=1123"}],"curies":[{"name":"wp","href":"https:\/\/api.w.org\/{rel}","templated":true}]}}