{"id":2193,"date":"2024-07-24T04:36:09","date_gmt":"2024-07-24T04:36:09","guid":{"rendered":"https:\/\/dessevproject.eu\/?page_id=2193"},"modified":"2024-07-24T14:11:37","modified_gmt":"2024-07-24T14:11:37","slug":"terms-and-conditions","status":"publish","type":"page","link":"https:\/\/dessevproject.eu\/pl\/terms-and-conditions\/","title":{"rendered":"Zasady i warunki"},"content":{"rendered":"<div data-elementor-type=\"wp-page\" data-elementor-id=\"2193\" class=\"elementor elementor-2193\">\n\t\t\t\t\t\t\t\t\t<section class=\"elementor-section elementor-top-section elementor-element elementor-element-0640757 elementor-section-boxed elementor-section-height-default elementor-section-height-default\" data-id=\"0640757\" data-element_type=\"section\" data-settings=\"{&quot;background_background&quot;:&quot;classic&quot;}\">\n\t\t\t\t\t\t<div class=\"elementor-container elementor-column-gap-no\">\n\t\t\t\t\t<div class=\"elementor-column elementor-col-100 elementor-top-column elementor-element elementor-element-742bc29\" data-id=\"742bc29\" data-element_type=\"column\">\n\t\t\t<div class=\"elementor-widget-wrap elementor-element-populated\">\n\t\t\t\t\t\t\t\t<div class=\"elementor-element elementor-element-229e2ca elementor-widget elementor-widget-heading\" data-id=\"229e2ca\" data-element_type=\"widget\" data-widget_type=\"heading.default\">\n\t\t\t\t<div class=\"elementor-widget-container\">\n\t\t\t<style>\/*! elementor - v3.10.1 - 17-01-2023 *\/\n.elementor-heading-title{padding:0;margin:0;line-height:1}.elementor-widget-heading .elementor-heading-title[class*=elementor-size-]>a{color:inherit;font-size:inherit;line-height:inherit}.elementor-widget-heading .elementor-heading-title.elementor-size-small{font-size:15px}.elementor-widget-heading .elementor-heading-title.elementor-size-medium{font-size:19px}.elementor-widget-heading .elementor-heading-title.elementor-size-large{font-size:29px}.elementor-widget-heading .elementor-heading-title.elementor-size-xl{font-size:39px}.elementor-widget-heading .elementor-heading-title.elementor-size-xxl{font-size:59px}<\/style><h1 class=\"elementor-heading-title elementor-size-default\">Zasady i warunki<\/h1>\t\t<\/div>\n\t\t\t\t<\/div>\n\t\t\t\t<div class=\"elementor-element elementor-element-1c5e569 elementor-widget elementor-widget-text-editor\" data-id=\"1c5e569\" data-element_type=\"widget\" data-widget_type=\"text-editor.default\">\n\t\t\t\t<div class=\"elementor-widget-container\">\n\t\t\t<style>\/*! elementor - v3.10.1 - 17-01-2023 *\/\n.elementor-widget-text-editor.elementor-drop-cap-view-stacked .elementor-drop-cap{background-color:#818a91;color:#fff}.elementor-widget-text-editor.elementor-drop-cap-view-framed .elementor-drop-cap{color:#818a91;border:3px solid;background-color:transparent}.elementor-widget-text-editor:not(.elementor-drop-cap-view-default) .elementor-drop-cap{margin-top:8px}.elementor-widget-text-editor:not(.elementor-drop-cap-view-default) .elementor-drop-cap-letter{width:1em;height:1em}.elementor-widget-text-editor .elementor-drop-cap{float:left;text-align:center;line-height:1;font-size:50px}.elementor-widget-text-editor .elementor-drop-cap-letter{display:inline-block}<\/style>\t\t\t\t<p>Disclaimer<\/p>\t\t\t\t\t\t<\/div>\n\t\t\t\t<\/div>\n\t\t\t\t\t<\/div>\n\t\t<\/div>\n\t\t\t\t\t\t\t<\/div>\n\t\t<\/section>\n\t\t\t\t<section class=\"elementor-section elementor-top-section elementor-element elementor-element-0b7f887 elementor-section-boxed elementor-section-height-default elementor-section-height-default\" data-id=\"0b7f887\" data-element_type=\"section\">\n\t\t\t\t\t\t<div class=\"elementor-container elementor-column-gap-default\">\n\t\t\t\t\t<div class=\"elementor-column elementor-col-100 elementor-top-column elementor-element elementor-element-4566380\" data-id=\"4566380\" data-element_type=\"column\">\n\t\t\t<div class=\"elementor-widget-wrap elementor-element-populated\">\n\t\t\t\t\t\t\t\t<div class=\"elementor-element elementor-element-418ad70 elementor-widget elementor-widget-text-editor\" data-id=\"418ad70\" data-element_type=\"widget\" data-widget_type=\"text-editor.default\">\n\t\t\t\t<div class=\"elementor-widget-container\">\n\t\t\t\t\t\t\t<p><span style=\"font-weight: 400;\">Obowi\u0105zuje od dnia: 3.5.2024 r.<\/span><\/p><p><span style=\"font-weight: 400;\">Konsorcjum DESSEV ma na celu dostarczanie wiarygodnych i aktualnych informacji. Chcemy jednak <\/span><span style=\"font-weight: 400;\">wyra\u017anie<\/span><span style=\"font-weight: 400;\"> poinformowa\u0107 o nast\u0119puj\u0105cych kwestiach:<\/span><\/p><ul><li><span style=\"font-weight: 400;\">Ta aplikacja jest przeznaczona wy\u0142\u0105cznie do cel\u00f3w informacyjnych i w \u017cadnym wypadku nie powinna zast\u0119powa\u0107 profesjonalnej porady medycznej, diagnozy ani leczenia. Podane tutaj informacje nie mog\u0105 by\u0107 traktowane jako porada medyczna i nie powinny by\u0107 w ten spos\u00f3b wykorzystywane. W ka\u017cdym przypadku nale\u017cy najpierw skonsultowa\u0107 si\u0119 z wykwalifikowanym lekarzem i post\u0119powa\u0107 zgodnie z jego zaleceniami.<\/span><\/li><li>Konsorcjum DESSEV do\u0142o\u017cy\u0142o wszelkich stara\u0144, aby wszystkie informacje zawarte w aplikacji by\u0142y aktualne i dok\u0142adne. Pomimo tych stara\u0144 nie mo\u017cemy zagwarantowa\u0107, \u017ce informacje s\u0105 wolne od b\u0142\u0119d\u00f3w lub w pe\u0142ni kompletne, poniewa\u017c aplikacja, z kt\u00f3rej korzystasz, jest przeznaczona do cel\u00f3w informacyjnych.<\/li><li>Konsorcjum DESSEV nie ponosi odpowiedzialno\u015bci za niew\u0142a\u015bciwe wykorzystanie aplikacji lub informacji zawartych na stronie internetowej DESSEV. Z aplikacji i jej wynik\u00f3w nale\u017cy korzysta\u0107 z zachowaniem ostro\u017cno\u015bci. Odpowiedzialno\u015b\u0107 za wykorzystanie wszelkich informacji zawartych w aplikacji i\/lub na stronie internetowej spoczywa wy\u0142\u0105cznie na u\u017cytkowniku, a konsorcjum nie ponosi odpowiedzialno\u015bci za jakiekolwiek szkody spowodowane korzystaniem z aplikacji, jej wynik\u00f3w i informacji zawartych na stronie internetowej DESSEV.<\/li><li>Kontynuuj\u0105c korzystanie z tej aplikacji, u\u017cytkownik potwierdza, \u017ce przeczyta\u0142, zrozumia\u0142 i zaakceptowa\u0142 wszystkie warunki okre\u015blone w niniejszym dokumencie. Je\u015bli u\u017cytkownik nie zgadza si\u0119 z tymi warunkami, powinien natychmiast zaprzesta\u0107 korzystania z aplikacji i zaprzesta\u0107 korzystania z wszelkich ju\u017c uzyskanych wynik\u00f3w oraz powstrzyma\u0107 si\u0119 od korzystania z jakichkolwiek informacji zawartych na stronie internetowej.<\/li><\/ul><p><span style=\"font-weight: 400;\"> W przypadku dalszych pyta\u0144 lub w\u0105tpliwo\u015bci prosimy o kontakt pod adresem dessevproject@gmail.com.<\/span><\/p>\t\t\t\t\t\t<\/div>\n\t\t\t\t<\/div>\n\t\t\t\t\t<\/div>\n\t\t<\/div>\n\t\t\t\t\t\t\t<\/div>\n\t\t<\/section>\n\t\t\t\t\t\t\t<\/div>","protected":false},"excerpt":{"rendered":"<p>Terms and conditions Disclaimer Effective Date: 3.5.2024 The DESSEV consortium aims to provide reliable and up-to-date information. However, we want explicitly to inform you on the following: This app is intended for informational purposes only and in no case should replace professional medical advice, diagnosis, or treatment. The information provided here is not to be &hellip;<\/p>\n<p class=\"read-more\"> <a class=\"\" href=\"https:\/\/dessevproject.eu\/pl\/terms-and-conditions\/\"> <span class=\"screen-reader-text\">Zasady i warunki<\/span> Read More &raquo;<\/a><\/p>","protected":false},"author":1,"featured_media":0,"parent":0,"menu_order":0,"comment_status":"closed","ping_status":"closed","template":"","meta":{"_uag_custom_page_level_css":"","site-sidebar-layout":"no-sidebar","site-content-layout":"page-builder","ast-global-header-display":"","ast-main-header-display":"","ast-hfb-above-header-display":"","ast-hfb-below-header-display":"","ast-hfb-mobile-header-display":"","site-post-title":"disabled","ast-breadcrumbs-content":"","ast-featured-img":"disabled","footer-sml-layout":"","theme-transparent-header-meta":"enabled","adv-header-id-meta":"","stick-header-meta":"","header-above-stick-meta":"","header-main-stick-meta":"","header-below-stick-meta":"","footnotes":""},"class_list":["post-2193","page","type-page","status-publish","hentry"],"uagb_featured_image_src":{"full":false,"thumbnail":false,"medium":false,"medium_large":false,"large":false,"1536x1536":false,"2048x2048":false,"trp-custom-language-flag":false},"uagb_author_info":{"display_name":"admin","author_link":"https:\/\/dessevproject.eu\/pl\/author\/admin\/"},"uagb_comment_info":0,"uagb_excerpt":"Terms and conditions Disclaimer Effective Date: 3.5.2024 The DESSEV consortium aims to provide reliable and up-to-date information. However, we want explicitly to inform you on the following: This app is intended for informational purposes only and in no case should replace professional medical advice, diagnosis, or treatment. The information provided here is not to be&hellip;","_links":{"self":[{"href":"https:\/\/dessevproject.eu\/pl\/wp-json\/wp\/v2\/pages\/2193","targetHints":{"allow":["GET"]}}],"collection":[{"href":"https:\/\/dessevproject.eu\/pl\/wp-json\/wp\/v2\/pages"}],"about":[{"href":"https:\/\/dessevproject.eu\/pl\/wp-json\/wp\/v2\/types\/page"}],"author":[{"embeddable":true,"href":"https:\/\/dessevproject.eu\/pl\/wp-json\/wp\/v2\/users\/1"}],"replies":[{"embeddable":true,"href":"https:\/\/dessevproject.eu\/pl\/wp-json\/wp\/v2\/comments?post=2193"}],"version-history":[{"count":14,"href":"https:\/\/dessevproject.eu\/pl\/wp-json\/wp\/v2\/pages\/2193\/revisions"}],"predecessor-version":[{"id":2209,"href":"https:\/\/dessevproject.eu\/pl\/wp-json\/wp\/v2\/pages\/2193\/revisions\/2209"}],"wp:attachment":[{"href":"https:\/\/dessevproject.eu\/pl\/wp-json\/wp\/v2\/media?parent=2193"}],"curies":[{"name":"wp","href":"https:\/\/api.w.org\/{rel}","templated":true}]}}