{"id":2152,"date":"2024-05-18T18:34:48","date_gmt":"2024-05-18T18:34:48","guid":{"rendered":"https:\/\/dessevproject.eu\/?page_id=2152"},"modified":"2024-07-24T04:29:51","modified_gmt":"2024-07-24T04:29:51","slug":"privacy-policy","status":"publish","type":"page","link":"https:\/\/dessevproject.eu\/pl\/privacy-policy\/","title":{"rendered":"Polityka prywatno\u015bci"},"content":{"rendered":"<div data-elementor-type=\"wp-page\" data-elementor-id=\"2152\" class=\"elementor elementor-2152\">\n\t\t\t\t\t\t\t\t\t<section class=\"elementor-section elementor-top-section elementor-element elementor-element-d0c669f elementor-section-boxed elementor-section-height-default elementor-section-height-default\" data-id=\"d0c669f\" data-element_type=\"section\" data-settings=\"{&quot;background_background&quot;:&quot;classic&quot;}\">\n\t\t\t\t\t\t<div class=\"elementor-container elementor-column-gap-no\">\n\t\t\t\t\t<div class=\"elementor-column elementor-col-100 elementor-top-column elementor-element elementor-element-397b47f\" data-id=\"397b47f\" data-element_type=\"column\">\n\t\t\t<div class=\"elementor-widget-wrap elementor-element-populated\">\n\t\t\t\t\t\t\t\t<div class=\"elementor-element elementor-element-f3dc323 elementor-widget elementor-widget-heading\" data-id=\"f3dc323\" data-element_type=\"widget\" data-widget_type=\"heading.default\">\n\t\t\t\t<div class=\"elementor-widget-container\">\n\t\t\t<style>\/*! elementor - v3.10.1 - 17-01-2023 *\/\n.elementor-heading-title{padding:0;margin:0;line-height:1}.elementor-widget-heading .elementor-heading-title[class*=elementor-size-]>a{color:inherit;font-size:inherit;line-height:inherit}.elementor-widget-heading .elementor-heading-title.elementor-size-small{font-size:15px}.elementor-widget-heading .elementor-heading-title.elementor-size-medium{font-size:19px}.elementor-widget-heading .elementor-heading-title.elementor-size-large{font-size:29px}.elementor-widget-heading .elementor-heading-title.elementor-size-xl{font-size:39px}.elementor-widget-heading .elementor-heading-title.elementor-size-xxl{font-size:59px}<\/style><h1 class=\"elementor-heading-title elementor-size-default\">Polityka prywatno\u015bci<\/h1>\t\t<\/div>\n\t\t\t\t<\/div>\n\t\t\t\t<div class=\"elementor-element elementor-element-13ea35b elementor-widget elementor-widget-text-editor\" data-id=\"13ea35b\" data-element_type=\"widget\" data-widget_type=\"text-editor.default\">\n\t\t\t\t<div class=\"elementor-widget-container\">\n\t\t\t<style>\/*! elementor - v3.10.1 - 17-01-2023 *\/\n.elementor-widget-text-editor.elementor-drop-cap-view-stacked .elementor-drop-cap{background-color:#818a91;color:#fff}.elementor-widget-text-editor.elementor-drop-cap-view-framed .elementor-drop-cap{color:#818a91;border:3px solid;background-color:transparent}.elementor-widget-text-editor:not(.elementor-drop-cap-view-default) .elementor-drop-cap{margin-top:8px}.elementor-widget-text-editor:not(.elementor-drop-cap-view-default) .elementor-drop-cap-letter{width:1em;height:1em}.elementor-widget-text-editor .elementor-drop-cap{float:left;text-align:center;line-height:1;font-size:50px}.elementor-widget-text-editor .elementor-drop-cap-letter{display:inline-block}<\/style>\t\t\t\t<p>Ochrona prywatno\u015bci u\u017cytkownik\u00f3w jest dla nas wa\u017cna.<\/p>\t\t\t\t\t\t<\/div>\n\t\t\t\t<\/div>\n\t\t\t\t\t<\/div>\n\t\t<\/div>\n\t\t\t\t\t\t\t<\/div>\n\t\t<\/section>\n\t\t\t\t<section class=\"elementor-section elementor-top-section elementor-element elementor-element-a68f663 elementor-section-boxed elementor-section-height-default elementor-section-height-default\" data-id=\"a68f663\" data-element_type=\"section\">\n\t\t\t\t\t\t<div class=\"elementor-container elementor-column-gap-default\">\n\t\t\t\t\t<div class=\"elementor-column elementor-col-100 elementor-top-column elementor-element elementor-element-b78802c\" data-id=\"b78802c\" data-element_type=\"column\">\n\t\t\t<div class=\"elementor-widget-wrap elementor-element-populated\">\n\t\t\t\t\t\t\t\t<div class=\"elementor-element elementor-element-f6fb23e elementor-widget elementor-widget-text-editor\" data-id=\"f6fb23e\" data-element_type=\"widget\" data-widget_type=\"text-editor.default\">\n\t\t\t\t<div class=\"elementor-widget-container\">\n\t\t\t\t\t\t\t<p>Obowi\u0105zuje od dnia: 3.5.2024 r.<\/p><p class=\" translation-block\"><span style=\"font-weight: 400;\">This privacy policy of the DESSEV App outlines <\/span><span style=\"font-weight: 400;\">why, and <\/span><span style=\"font-weight: 400;\">which data is collected, stored, shared and how this data is protected. <\/span><span style=\"font-weight: 400;\">By using the DESSEV App, you agree to the terms described below.<\/span><\/p><ol><li><p><strong>Gromadzenie informacji:<\/strong><\/p><ul><li>Aplikacja DESSEV nie gromadzi \u017cadnych danych osobowych u\u017cytkownik\u00f3w.<\/li><li>Nie \u017c\u0105damy dost\u0119pu do kamery urz\u0105dzenia, mikrofonu, kontakt\u00f3w, lokalizacji. <span style=\"font-weight: 400;\">lub dane przechowywane na urz\u0105dzeniu<\/span>.<\/li><li><span style=\"font-weight: 400;\">Nie gromadzimy \u017cadnych informacji, w tym adresu IP u\u017cytkownika ani \u017cadnych innych danych pochodz\u0105cych z korzystania z przegl\u0105darki przez u\u017cytkownika.<\/span><\/li><\/ul><\/li><li><p><strong>Wykorzystanie danych:<\/strong><\/p><ul><li><span style=\"font-weight: 400;\">Aplikacja DESSEV przechowuje dane z ka\u017cdego zg\u0142oszenia objaw\u00f3w wy\u0142\u0105cznie do cel\u00f3w analitycznych. Przechowywane dane obejmuj\u0105<\/span> <span style=\"font-weight: 400;\">dat\u0119 z\u0142o\u017cenia i u\u017cywany j\u0119zyk.<\/span><\/li><li><span style=\"font-weight: 400;\">Aplikacja DESSEV przechowuje dane dotycz\u0105ce ka\u017cdej wiadomo\u015bci e-mail przes\u0142anej w imieniu u\u017cytkownika wy\u0142\u0105cznie do cel\u00f3w analitycznych, w tym dat\u0119 przes\u0142ania i u\u017cyty j\u0119zyk.<\/span><\/li><li><span style=\"font-weight: 400;\">Aplikacja DESSEV <\/span>nie<span style=\"font-weight: 400;\"> przechowuje jakichkolwiek danych u\u017cytkownika, osobistych lub innych.<\/span><\/li><li><span style=\"font-weight: 400;\">Aplikacja DESSEV <\/span>nie \u015bledzi aktywno\u015bci u\u017cytkownika w aplikacji.<\/li><li>Aplikacja DESSEV nie<span style=\"font-weight: 400;\"> udost\u0119pnia ani sprzedaje danych stronom trzecim.<\/span><\/li><\/ul><\/li><li><p><strong>Pliki cookie i analityka:<\/strong><\/p><ul><li>Aplikacja DESSEV nie wykorzystuje plik\u00f3w cookie ani narz\u0119dzi analitycznych.<\/li><li>Szanujemy prywatno\u015b\u0107 u\u017cytkownik\u00f3w i nie anga\u017cujemy si\u0119 w \u017cadne dzia\u0142ania zwi\u0105zane ze \u015bledzeniem.<\/li><\/ul><\/li><li><p><strong>Ochrona prywatno\u015bci dzieci:<\/strong><\/p><ul><li>Aplikacja DESSEV nie jest przeznaczona dla dzieci poni\u017cej 18 roku \u017cycia.<\/li><li>Nie gromadzimy \u015bwiadomie danych osobowych dzieci.<\/li><\/ul><\/li><li><p><strong>\u015arodki bezpiecze\u0144stwa:<\/strong><\/p><ul><li>Chocia\u017c nie gromadzimy danych, powa\u017cnie podchodzimy do kwestii bezpiecze\u0144stwa.<\/li><li><span style=\"font-weight: 400;\">Podejmujemy uzasadnione \u015brodki ostro\u017cno\u015bci, aby zapobiec nieautoryzowanemu dost\u0119powi do danych podanych przez u\u017cytkownika w naszej aplikacji.<\/span><\/li><li><span style=\"font-weight: 400;\">Aplikacja zosta\u0142a zaprojektowana do dzia\u0142ania bez przechowywania jakichkolwiek danych dostarczonych przez u\u017cytkownika lub danych osobowych.<\/span><\/li><\/ul><\/li><li><p><strong>Zmiany w Polityce prywatno\u015bci:<\/strong><\/p><ul><li>Wszelkie aktualizacje niniejszej polityki prywatno\u015bci b\u0119d\u0105 przekazywane w aplikacji.<\/li><li>Prosimy o okresowe przegl\u0105danie niniejszej polityki.<\/li><\/ul><\/li><li><p><strong>Skontaktuj si\u0119 z nami:<\/strong><\/p><ul><li>W przypadku jakichkolwiek pyta\u0144 lub w\u0105tpliwo\u015bci dotycz\u0105cych naszych praktyk w zakresie ochrony prywatno\u015bci, prosimy o kontakt pod adresem dessevproject@gmail.com.<\/li><\/ul><\/li><\/ol>\t\t\t\t\t\t<\/div>\n\t\t\t\t<\/div>\n\t\t\t\t\t<\/div>\n\t\t<\/div>\n\t\t\t\t\t\t\t<\/div>\n\t\t<\/section>\n\t\t\t\t\t\t\t<\/div>","protected":false},"excerpt":{"rendered":"<p>Privacy policy Protecting your privacy is important to us. Effective Date: 3.5.2024 This privacy policy of the DESSEV App outlines why, and which data is collected, stored, shared and how this data is protected. By using the DESSEV App, you agree to the terms described below. Information Collection: The DESSEV App does not collect any &hellip;<\/p>\n<p class=\"read-more\"> <a class=\"\" href=\"https:\/\/dessevproject.eu\/pl\/privacy-policy\/\"> <span class=\"screen-reader-text\">Polityka prywatno\u015bci<\/span> Read More &raquo;<\/a><\/p>","protected":false},"author":1,"featured_media":0,"parent":0,"menu_order":0,"comment_status":"closed","ping_status":"closed","template":"","meta":{"_uag_custom_page_level_css":"","site-sidebar-layout":"no-sidebar","site-content-layout":"page-builder","ast-global-header-display":"","ast-main-header-display":"","ast-hfb-above-header-display":"","ast-hfb-below-header-display":"","ast-hfb-mobile-header-display":"","site-post-title":"disabled","ast-breadcrumbs-content":"","ast-featured-img":"disabled","footer-sml-layout":"","theme-transparent-header-meta":"enabled","adv-header-id-meta":"","stick-header-meta":"","header-above-stick-meta":"","header-main-stick-meta":"","header-below-stick-meta":"","footnotes":""},"class_list":["post-2152","page","type-page","status-publish","hentry"],"uagb_featured_image_src":{"full":false,"thumbnail":false,"medium":false,"medium_large":false,"large":false,"1536x1536":false,"2048x2048":false,"trp-custom-language-flag":false},"uagb_author_info":{"display_name":"admin","author_link":"https:\/\/dessevproject.eu\/pl\/author\/admin\/"},"uagb_comment_info":0,"uagb_excerpt":"Privacy policy Protecting your privacy is important to us. Effective Date: 3.5.2024 This privacy policy of the DESSEV App outlines why, and which data is collected, stored, shared and how this data is protected. By using the DESSEV App, you agree to the terms described below. Information Collection: The DESSEV App does not collect any&hellip;","_links":{"self":[{"href":"https:\/\/dessevproject.eu\/pl\/wp-json\/wp\/v2\/pages\/2152","targetHints":{"allow":["GET"]}}],"collection":[{"href":"https:\/\/dessevproject.eu\/pl\/wp-json\/wp\/v2\/pages"}],"about":[{"href":"https:\/\/dessevproject.eu\/pl\/wp-json\/wp\/v2\/types\/page"}],"author":[{"embeddable":true,"href":"https:\/\/dessevproject.eu\/pl\/wp-json\/wp\/v2\/users\/1"}],"replies":[{"embeddable":true,"href":"https:\/\/dessevproject.eu\/pl\/wp-json\/wp\/v2\/comments?post=2152"}],"version-history":[{"count":14,"href":"https:\/\/dessevproject.eu\/pl\/wp-json\/wp\/v2\/pages\/2152\/revisions"}],"predecessor-version":[{"id":2192,"href":"https:\/\/dessevproject.eu\/pl\/wp-json\/wp\/v2\/pages\/2152\/revisions\/2192"}],"wp:attachment":[{"href":"https:\/\/dessevproject.eu\/pl\/wp-json\/wp\/v2\/media?parent=2152"}],"curies":[{"name":"wp","href":"https:\/\/api.w.org\/{rel}","templated":true}]}}