{"id":2193,"date":"2024-07-24T04:36:09","date_gmt":"2024-07-24T04:36:09","guid":{"rendered":"https:\/\/dessevproject.eu\/?page_id=2193"},"modified":"2024-07-24T14:11:37","modified_gmt":"2024-07-24T14:11:37","slug":"terms-and-conditions","status":"publish","type":"page","link":"https:\/\/dessevproject.eu\/fi\/terms-and-conditions\/","title":{"rendered":"K\u00e4ytt\u00f6ehdot"},"content":{"rendered":"<div data-elementor-type=\"wp-page\" data-elementor-id=\"2193\" class=\"elementor elementor-2193\">\n\t\t\t\t\t\t\t\t\t<section class=\"elementor-section elementor-top-section elementor-element elementor-element-0640757 elementor-section-boxed elementor-section-height-default elementor-section-height-default\" data-id=\"0640757\" data-element_type=\"section\" data-settings=\"{&quot;background_background&quot;:&quot;classic&quot;}\">\n\t\t\t\t\t\t<div class=\"elementor-container elementor-column-gap-no\">\n\t\t\t\t\t<div class=\"elementor-column elementor-col-100 elementor-top-column elementor-element elementor-element-742bc29\" data-id=\"742bc29\" data-element_type=\"column\">\n\t\t\t<div class=\"elementor-widget-wrap elementor-element-populated\">\n\t\t\t\t\t\t\t\t<div class=\"elementor-element elementor-element-229e2ca elementor-widget elementor-widget-heading\" data-id=\"229e2ca\" data-element_type=\"widget\" data-widget_type=\"heading.default\">\n\t\t\t\t<div class=\"elementor-widget-container\">\n\t\t\t<style>\/*! elementor - v3.10.1 - 17-01-2023 *\/\n.elementor-heading-title{padding:0;margin:0;line-height:1}.elementor-widget-heading .elementor-heading-title[class*=elementor-size-]>a{color:inherit;font-size:inherit;line-height:inherit}.elementor-widget-heading .elementor-heading-title.elementor-size-small{font-size:15px}.elementor-widget-heading .elementor-heading-title.elementor-size-medium{font-size:19px}.elementor-widget-heading .elementor-heading-title.elementor-size-large{font-size:29px}.elementor-widget-heading .elementor-heading-title.elementor-size-xl{font-size:39px}.elementor-widget-heading .elementor-heading-title.elementor-size-xxl{font-size:59px}<\/style><h1 class=\"elementor-heading-title elementor-size-default\">K\u00e4ytt\u00f6ehdot<\/h1>\t\t<\/div>\n\t\t\t\t<\/div>\n\t\t\t\t<div class=\"elementor-element elementor-element-1c5e569 elementor-widget elementor-widget-text-editor\" data-id=\"1c5e569\" data-element_type=\"widget\" data-widget_type=\"text-editor.default\">\n\t\t\t\t<div class=\"elementor-widget-container\">\n\t\t\t<style>\/*! elementor - v3.10.1 - 17-01-2023 *\/\n.elementor-widget-text-editor.elementor-drop-cap-view-stacked .elementor-drop-cap{background-color:#818a91;color:#fff}.elementor-widget-text-editor.elementor-drop-cap-view-framed .elementor-drop-cap{color:#818a91;border:3px solid;background-color:transparent}.elementor-widget-text-editor:not(.elementor-drop-cap-view-default) .elementor-drop-cap{margin-top:8px}.elementor-widget-text-editor:not(.elementor-drop-cap-view-default) .elementor-drop-cap-letter{width:1em;height:1em}.elementor-widget-text-editor .elementor-drop-cap{float:left;text-align:center;line-height:1;font-size:50px}.elementor-widget-text-editor .elementor-drop-cap-letter{display:inline-block}<\/style>\t\t\t\t<p>Vastuuvapauslauseke<\/p>\t\t\t\t\t\t<\/div>\n\t\t\t\t<\/div>\n\t\t\t\t\t<\/div>\n\t\t<\/div>\n\t\t\t\t\t\t\t<\/div>\n\t\t<\/section>\n\t\t\t\t<section class=\"elementor-section elementor-top-section elementor-element elementor-element-0b7f887 elementor-section-boxed elementor-section-height-default elementor-section-height-default\" data-id=\"0b7f887\" data-element_type=\"section\">\n\t\t\t\t\t\t<div class=\"elementor-container elementor-column-gap-default\">\n\t\t\t\t\t<div class=\"elementor-column elementor-col-100 elementor-top-column elementor-element elementor-element-4566380\" data-id=\"4566380\" data-element_type=\"column\">\n\t\t\t<div class=\"elementor-widget-wrap elementor-element-populated\">\n\t\t\t\t\t\t\t\t<div class=\"elementor-element elementor-element-418ad70 elementor-widget elementor-widget-text-editor\" data-id=\"418ad70\" data-element_type=\"widget\" data-widget_type=\"text-editor.default\">\n\t\t\t\t<div class=\"elementor-widget-container\">\n\t\t\t\t\t\t\t<p><span style=\"font-weight: 400;\">Voimassa alkaen: 3.5.2024<\/span><\/p><p><span style=\"font-weight: 400;\">DESSEV-konsortio pyrkii tarjoamaan luotettavaa ja ajantasaista tietoa. Haluamme kuitenkin <\/span><span style=\"font-weight: 400;\">erityisesti<\/span><span style=\"font-weight: 400;\"> muistuttaa sinua seuraavasta:<\/span><\/p><ul><li><span style=\"font-weight: 400;\">T\u00e4m\u00e4 sovellus on tarkoitettu vain tiedoksi, eik\u00e4 se miss\u00e4\u00e4n tapauksessa korvaa ammattimaista l\u00e4\u00e4ketieteellist\u00e4 neuvontaa, diagnoosia tai hoitoa. T\u00e4ss\u00e4 annettuja tietoja ei tule pit\u00e4\u00e4 l\u00e4\u00e4ketieteellisin\u00e4 neuvoina, eik\u00e4 niit\u00e4 tule k\u00e4ytt\u00e4\u00e4 sellaisenaan. Kaikissa tapauksissa sinun tulee ensin neuvotella p\u00e4tev\u00e4n l\u00e4\u00e4ketieteen ammattilaisen kanssa ja noudattaa neuvoja.<\/span><\/li><li>DESSEV-konsortio on tehnyt kaikkensa varmistaakseen, ett\u00e4 kaikki sovelluksen tiedot ovat ajan tasalla ja tarkkoja. N\u00e4ist\u00e4 ponnisteluista huolimatta emme voi taata, ett\u00e4 tiedot ovat virheett\u00f6mi\u00e4 tai t\u00e4ydellisi\u00e4, koska k\u00e4ytt\u00e4m\u00e4si sovellus on tarkoitettu tiedotustarkoitukseen.<\/li><li>DESSEV-konsortio ei ole vastuussa mist\u00e4\u00e4n sovelluksen tai DESSEV-verkkosivustolla olevien tietojen v\u00e4\u00e4rink\u00e4yt\u00f6st\u00e4. Sovellusta ja sen tuloksia tulee k\u00e4ytt\u00e4\u00e4 varoen. Vastuu sovelluksen ja\/tai verkkosivuston sis\u00e4lt\u00e4mien tietojen k\u00e4yt\u00f6st\u00e4 on yksinomaan k\u00e4ytt\u00e4j\u00e4ll\u00e4, eik\u00e4 konsortio ole vastuussa mink\u00e4\u00e4nlaisista vahingoista, jotka aiheutuvat sovelluksen k\u00e4yt\u00f6st\u00e4, sen tuloksista ja sis\u00e4lt\u00e4mist\u00e4 tiedoista. DESSEV-verkkosivustolla.<\/li><li>Jatkamalla t\u00e4m\u00e4n sovelluksen k\u00e4ytt\u00f6\u00e4 vahvistat, ett\u00e4 olet lukenut, ymm\u00e4rt\u00e4nyt ja hyv\u00e4ksynyt kaikki t\u00e4ss\u00e4 asiakirjassa mainitut ehdot. Jos et hyv\u00e4ksy n\u00e4it\u00e4 ehtoja, sinun tulee v\u00e4litt\u00f6m\u00e4sti lopettaa sovelluksen k\u00e4ytt\u00f6 ja lopettaa jo tuotettujen tulosten k\u00e4ytt\u00f6 ja pid\u00e4tt\u00e4yty\u00e4 kaikista verkkosivuston sis\u00e4lt\u00e4mist\u00e4 tiedoista.<\/li><\/ul><p><span style=\"font-weight: 400;\"> Jos sinulla on kysytt\u00e4v\u00e4\u00e4 tai huolenaiheita, ota rohkeasti yhteytt\u00e4 osoitteeseen dessevproject@gmail.com.<\/span><\/p>\t\t\t\t\t\t<\/div>\n\t\t\t\t<\/div>\n\t\t\t\t\t<\/div>\n\t\t<\/div>\n\t\t\t\t\t\t\t<\/div>\n\t\t<\/section>\n\t\t\t\t\t\t\t<\/div>","protected":false},"excerpt":{"rendered":"<p>Terms and conditions Disclaimer Effective Date: 3.5.2024 The DESSEV consortium aims to provide reliable and up-to-date information. However, we want explicitly to inform you on the following: This app is intended for informational purposes only and in no case should replace professional medical advice, diagnosis, or treatment. The information provided here is not to be &hellip;<\/p>\n<p class=\"read-more\"> <a class=\"\" href=\"https:\/\/dessevproject.eu\/fi\/terms-and-conditions\/\"> <span class=\"screen-reader-text\">K\u00e4ytt\u00f6ehdot<\/span> Lue lis\u00e4\u00e4 &raquo;<\/a><\/p>","protected":false},"author":1,"featured_media":0,"parent":0,"menu_order":0,"comment_status":"closed","ping_status":"closed","template":"","meta":{"_uag_custom_page_level_css":"","site-sidebar-layout":"no-sidebar","site-content-layout":"page-builder","ast-global-header-display":"","ast-main-header-display":"","ast-hfb-above-header-display":"","ast-hfb-below-header-display":"","ast-hfb-mobile-header-display":"","site-post-title":"disabled","ast-breadcrumbs-content":"","ast-featured-img":"disabled","footer-sml-layout":"","theme-transparent-header-meta":"enabled","adv-header-id-meta":"","stick-header-meta":"","header-above-stick-meta":"","header-main-stick-meta":"","header-below-stick-meta":"","footnotes":""},"class_list":["post-2193","page","type-page","status-publish","hentry"],"uagb_featured_image_src":{"full":false,"thumbnail":false,"medium":false,"medium_large":false,"large":false,"1536x1536":false,"2048x2048":false,"trp-custom-language-flag":false},"uagb_author_info":{"display_name":"admin","author_link":"https:\/\/dessevproject.eu\/fi\/author\/admin\/"},"uagb_comment_info":0,"uagb_excerpt":"Terms and conditions Disclaimer Effective Date: 3.5.2024 The DESSEV consortium aims to provide reliable and up-to-date information. However, we want explicitly to inform you on the following: This app is intended for informational purposes only and in no case should replace professional medical advice, diagnosis, or treatment. The information provided here is not to be&hellip;","_links":{"self":[{"href":"https:\/\/dessevproject.eu\/fi\/wp-json\/wp\/v2\/pages\/2193","targetHints":{"allow":["GET"]}}],"collection":[{"href":"https:\/\/dessevproject.eu\/fi\/wp-json\/wp\/v2\/pages"}],"about":[{"href":"https:\/\/dessevproject.eu\/fi\/wp-json\/wp\/v2\/types\/page"}],"author":[{"embeddable":true,"href":"https:\/\/dessevproject.eu\/fi\/wp-json\/wp\/v2\/users\/1"}],"replies":[{"embeddable":true,"href":"https:\/\/dessevproject.eu\/fi\/wp-json\/wp\/v2\/comments?post=2193"}],"version-history":[{"count":14,"href":"https:\/\/dessevproject.eu\/fi\/wp-json\/wp\/v2\/pages\/2193\/revisions"}],"predecessor-version":[{"id":2209,"href":"https:\/\/dessevproject.eu\/fi\/wp-json\/wp\/v2\/pages\/2193\/revisions\/2209"}],"wp:attachment":[{"href":"https:\/\/dessevproject.eu\/fi\/wp-json\/wp\/v2\/media?parent=2193"}],"curies":[{"name":"wp","href":"https:\/\/api.w.org\/{rel}","templated":true}]}}