{"id":2152,"date":"2024-05-18T18:34:48","date_gmt":"2024-05-18T18:34:48","guid":{"rendered":"https:\/\/dessevproject.eu\/?page_id=2152"},"modified":"2024-07-24T04:29:51","modified_gmt":"2024-07-24T04:29:51","slug":"privacy-policy","status":"publish","type":"page","link":"https:\/\/dessevproject.eu\/fi\/privacy-policy\/","title":{"rendered":"Tietosuojak\u00e4yt\u00e4nt\u00f6"},"content":{"rendered":"<div data-elementor-type=\"wp-page\" data-elementor-id=\"2152\" class=\"elementor elementor-2152\">\n\t\t\t\t\t\t\t\t\t<section class=\"elementor-section elementor-top-section elementor-element elementor-element-d0c669f elementor-section-boxed elementor-section-height-default elementor-section-height-default\" data-id=\"d0c669f\" data-element_type=\"section\" data-settings=\"{&quot;background_background&quot;:&quot;classic&quot;}\">\n\t\t\t\t\t\t<div class=\"elementor-container elementor-column-gap-no\">\n\t\t\t\t\t<div class=\"elementor-column elementor-col-100 elementor-top-column elementor-element elementor-element-397b47f\" data-id=\"397b47f\" data-element_type=\"column\">\n\t\t\t<div class=\"elementor-widget-wrap elementor-element-populated\">\n\t\t\t\t\t\t\t\t<div class=\"elementor-element elementor-element-f3dc323 elementor-widget elementor-widget-heading\" data-id=\"f3dc323\" data-element_type=\"widget\" data-widget_type=\"heading.default\">\n\t\t\t\t<div class=\"elementor-widget-container\">\n\t\t\t<style>\/*! elementor - v3.10.1 - 17-01-2023 *\/\n.elementor-heading-title{padding:0;margin:0;line-height:1}.elementor-widget-heading .elementor-heading-title[class*=elementor-size-]>a{color:inherit;font-size:inherit;line-height:inherit}.elementor-widget-heading .elementor-heading-title.elementor-size-small{font-size:15px}.elementor-widget-heading .elementor-heading-title.elementor-size-medium{font-size:19px}.elementor-widget-heading .elementor-heading-title.elementor-size-large{font-size:29px}.elementor-widget-heading .elementor-heading-title.elementor-size-xl{font-size:39px}.elementor-widget-heading .elementor-heading-title.elementor-size-xxl{font-size:59px}<\/style><h1 class=\"elementor-heading-title elementor-size-default\">Tietosuojak\u00e4yt\u00e4nt\u00f6<\/h1>\t\t<\/div>\n\t\t\t\t<\/div>\n\t\t\t\t<div class=\"elementor-element elementor-element-13ea35b elementor-widget elementor-widget-text-editor\" data-id=\"13ea35b\" data-element_type=\"widget\" data-widget_type=\"text-editor.default\">\n\t\t\t\t<div class=\"elementor-widget-container\">\n\t\t\t<style>\/*! elementor - v3.10.1 - 17-01-2023 *\/\n.elementor-widget-text-editor.elementor-drop-cap-view-stacked .elementor-drop-cap{background-color:#818a91;color:#fff}.elementor-widget-text-editor.elementor-drop-cap-view-framed .elementor-drop-cap{color:#818a91;border:3px solid;background-color:transparent}.elementor-widget-text-editor:not(.elementor-drop-cap-view-default) .elementor-drop-cap{margin-top:8px}.elementor-widget-text-editor:not(.elementor-drop-cap-view-default) .elementor-drop-cap-letter{width:1em;height:1em}.elementor-widget-text-editor .elementor-drop-cap{float:left;text-align:center;line-height:1;font-size:50px}.elementor-widget-text-editor .elementor-drop-cap-letter{display:inline-block}<\/style>\t\t\t\t<p>Yksityisyytesi suojaaminen on meille t\u00e4rke\u00e4\u00e4.<\/p>\t\t\t\t\t\t<\/div>\n\t\t\t\t<\/div>\n\t\t\t\t\t<\/div>\n\t\t<\/div>\n\t\t\t\t\t\t\t<\/div>\n\t\t<\/section>\n\t\t\t\t<section class=\"elementor-section elementor-top-section elementor-element elementor-element-a68f663 elementor-section-boxed elementor-section-height-default elementor-section-height-default\" data-id=\"a68f663\" data-element_type=\"section\">\n\t\t\t\t\t\t<div class=\"elementor-container elementor-column-gap-default\">\n\t\t\t\t\t<div class=\"elementor-column elementor-col-100 elementor-top-column elementor-element elementor-element-b78802c\" data-id=\"b78802c\" data-element_type=\"column\">\n\t\t\t<div class=\"elementor-widget-wrap elementor-element-populated\">\n\t\t\t\t\t\t\t\t<div class=\"elementor-element elementor-element-f6fb23e elementor-widget elementor-widget-text-editor\" data-id=\"f6fb23e\" data-element_type=\"widget\" data-widget_type=\"text-editor.default\">\n\t\t\t\t<div class=\"elementor-widget-container\">\n\t\t\t\t\t\t\t<p>Voimassa alkaen: 3.5.2024<\/p><p class=\" translation-block\"><span style=\"font-weight: 400;\">This privacy policy of the DESSEV App outlines <\/span><span style=\"font-weight: 400;\">why, and <\/span><span style=\"font-weight: 400;\">which data is collected, stored, shared and how this data is protected. <\/span><span style=\"font-weight: 400;\">By using the DESSEV App, you agree to the terms described below.<\/span><\/p><ol><li><p><strong>Tietojen ker\u00e4\u00e4minen<\/strong><\/p><ul><li>DESSEV-sovellus ei ker\u00e4\u00e4 henkil\u00f6kohtaisia \u200b\u200btietoja k\u00e4ytt\u00e4jilt\u00e4.<\/li><li>Emme pyyd\u00e4 p\u00e4\u00e4sy\u00e4 laitteesi kameraan, mikrofoniin, yhteystietoihin tai sijaintiin <span style=\"font-weight: 400;\">tai laitteeseesi tallennettuun dataan.<\/span>.<\/li><li><span style=\"font-weight: 400;\">Emme ker\u00e4\u00e4 tietoja, kuten k\u00e4ytt\u00e4j\u00e4n IP-osoitetta tai muita tietoja k\u00e4ytt\u00e4j\u00e4n selaimen k\u00e4yt\u00f6st\u00e4.<\/span><\/li><\/ul><\/li><li><p><strong>Datan k\u00e4ytt\u00f6<\/strong><\/p><ul><li><span style=\"font-weight: 400;\">DESSEV-sovellus tallentaa tiedot jokaisesta oireiden\/merkkien l\u00e4hetyksest\u00e4 vain analytiikkatarkoituksiin. Tallennetut tiedot sis\u00e4lt\u00e4v\u00e4t mm.<\/span> <span style=\"font-weight: 400;\">l\u00e4hetysp\u00e4iv\u00e4n ja k\u00e4ytetty kieli<\/span><\/li><li><span style=\"font-weight: 400;\">DESSEV-sovellus tallentaa tiedot jokaisesta k\u00e4ytt\u00e4j\u00e4n puolesta tehdyst\u00e4 s\u00e4hk\u00f6postil\u00e4hetyksest\u00e4 vain analytiikkatarkoituksiin, mukaan lukien l\u00e4hetysp\u00e4iv\u00e4m\u00e4\u00e4r\u00e4 ja k\u00e4ytetty kieli.<\/span><\/li><li><span style=\"font-weight: 400;\">DESSEV -aplikaatio ei <\/span>not<span style=\"font-weight: 400;\"> s\u00e4ilytt\u00e4 tai tallenna mit\u00e4\u00e4n k\u00e4ytt\u00e4j\u00e4tietoja, henkil\u00f6kohtaisia tietoja \u200b\u200btai muita tietoja.<\/span><\/li><li><span style=\"font-weight: 400;\">DESSEV -aplikaatio ei <\/span>not track your activity within the app.<\/li><li>DESSEV -aplikaatio e<span style=\"font-weight: 400;\"> jaa tai myy dataa kolmansille osapuolille.<\/span><\/li><\/ul><\/li><li><p><strong>Ev\u00e4steet ja analytiikka<\/strong><\/p><ul><li>DESSEV-aplikaatio ei k\u00e4yt\u00e4 ev\u00e4steit\u00e4 tai analytiikkaty\u00f6kaluja.<\/li><li>Kunnioitamme yksityisyytt\u00e4si emmek\u00e4 osallistu mihink\u00e4\u00e4n seurantatoimintoihin.<\/li><\/ul><\/li><li><p><strong>Alaik\u00e4isten yksityisyys<\/strong><\/p><ul><li>DESSEV-aplikaatio on tarkoitettu t\u00e4ysi-ik\u00e4isille 18-vuotta t\u00e4ytt\u00e4neille.<\/li><li>Emme tietoisesti ker\u00e4\u00e4 lapsilta henkil\u00f6tietoja.<\/li><\/ul><\/li><li><p><strong>Turvatoimet:<\/strong><\/p><ul><li>Vaikka emme ker\u00e4\u00e4 tietoja, otamme turvallisuuden vakavasti.<\/li><li><span style=\"font-weight: 400;\">Ryhdymme kohtuullisiin varotoimiin est\u00e4\u00e4ksemme luvattoman p\u00e4\u00e4syn sovelluksessamme antamaasi tietoihin.<\/span><\/li><li><span style=\"font-weight: 400;\">Sovellus on suunniteltu toimimaan tallentamatta k\u00e4ytt\u00e4j\u00e4n antamia tietoja tai henkil\u00f6tietoja.<\/span><\/li><\/ul><\/li><li><p><strong>Muutokset tietosuojak\u00e4yt\u00e4nt\u00f6\u00f6n:<\/strong><\/p><ul><li>Kaikki t\u00e4m\u00e4n tietosuojak\u00e4yt\u00e4nn\u00f6n p\u00e4ivitykset ilmoitetaan sovelluksessa.<\/li><li>Tarkista t\u00e4m\u00e4 k\u00e4yt\u00e4nt\u00f6 s\u00e4\u00e4nn\u00f6llisesti.<\/li><\/ul><\/li><li><p><strong>Ota yhteytt\u00e4:<\/strong><\/p><ul><li>Jos sinulla on kysytt\u00e4v\u00e4\u00e4 tai huolenaiheita tietosuojak\u00e4yt\u00e4nn\u00f6ist\u00e4mme, ota meihin yhteytt\u00e4 osoitteeseen dessevproject@gmail.com.<\/li><\/ul><\/li><\/ol>\t\t\t\t\t\t<\/div>\n\t\t\t\t<\/div>\n\t\t\t\t\t<\/div>\n\t\t<\/div>\n\t\t\t\t\t\t\t<\/div>\n\t\t<\/section>\n\t\t\t\t\t\t\t<\/div>","protected":false},"excerpt":{"rendered":"<p>Privacy policy Protecting your privacy is important to us. Effective Date: 3.5.2024 This privacy policy of the DESSEV App outlines why, and which data is collected, stored, shared and how this data is protected. By using the DESSEV App, you agree to the terms described below. Information Collection: The DESSEV App does not collect any &hellip;<\/p>\n<p class=\"read-more\"> <a class=\"\" href=\"https:\/\/dessevproject.eu\/fi\/privacy-policy\/\"> <span class=\"screen-reader-text\">Tietosuojak\u00e4yt\u00e4nt\u00f6<\/span> Lue lis\u00e4\u00e4 &raquo;<\/a><\/p>","protected":false},"author":1,"featured_media":0,"parent":0,"menu_order":0,"comment_status":"closed","ping_status":"closed","template":"","meta":{"_uag_custom_page_level_css":"","site-sidebar-layout":"no-sidebar","site-content-layout":"page-builder","ast-global-header-display":"","ast-main-header-display":"","ast-hfb-above-header-display":"","ast-hfb-below-header-display":"","ast-hfb-mobile-header-display":"","site-post-title":"disabled","ast-breadcrumbs-content":"","ast-featured-img":"disabled","footer-sml-layout":"","theme-transparent-header-meta":"enabled","adv-header-id-meta":"","stick-header-meta":"","header-above-stick-meta":"","header-main-stick-meta":"","header-below-stick-meta":"","footnotes":""},"class_list":["post-2152","page","type-page","status-publish","hentry"],"uagb_featured_image_src":{"full":false,"thumbnail":false,"medium":false,"medium_large":false,"large":false,"1536x1536":false,"2048x2048":false,"trp-custom-language-flag":false},"uagb_author_info":{"display_name":"admin","author_link":"https:\/\/dessevproject.eu\/fi\/author\/admin\/"},"uagb_comment_info":0,"uagb_excerpt":"Privacy policy Protecting your privacy is important to us. Effective Date: 3.5.2024 This privacy policy of the DESSEV App outlines why, and which data is collected, stored, shared and how this data is protected. By using the DESSEV App, you agree to the terms described below. Information Collection: The DESSEV App does not collect any&hellip;","_links":{"self":[{"href":"https:\/\/dessevproject.eu\/fi\/wp-json\/wp\/v2\/pages\/2152","targetHints":{"allow":["GET"]}}],"collection":[{"href":"https:\/\/dessevproject.eu\/fi\/wp-json\/wp\/v2\/pages"}],"about":[{"href":"https:\/\/dessevproject.eu\/fi\/wp-json\/wp\/v2\/types\/page"}],"author":[{"embeddable":true,"href":"https:\/\/dessevproject.eu\/fi\/wp-json\/wp\/v2\/users\/1"}],"replies":[{"embeddable":true,"href":"https:\/\/dessevproject.eu\/fi\/wp-json\/wp\/v2\/comments?post=2152"}],"version-history":[{"count":14,"href":"https:\/\/dessevproject.eu\/fi\/wp-json\/wp\/v2\/pages\/2152\/revisions"}],"predecessor-version":[{"id":2192,"href":"https:\/\/dessevproject.eu\/fi\/wp-json\/wp\/v2\/pages\/2152\/revisions\/2192"}],"wp:attachment":[{"href":"https:\/\/dessevproject.eu\/fi\/wp-json\/wp\/v2\/media?parent=2152"}],"curies":[{"name":"wp","href":"https:\/\/api.w.org\/{rel}","templated":true}]}}