{"id":1123,"date":"2023-01-24T08:14:56","date_gmt":"2023-01-24T08:14:56","guid":{"rendered":"https:\/\/dessevproject.eu\/?page_id=1123"},"modified":"2023-01-24T15:08:37","modified_gmt":"2023-01-24T15:08:37","slug":"project","status":"publish","type":"page","link":"https:\/\/dessevproject.eu\/fi\/project\/","title":{"rendered":"Hanke"},"content":{"rendered":"<div data-elementor-type=\"wp-page\" data-elementor-id=\"1123\" class=\"elementor elementor-1123\">\n\t\t\t\t\t\t\t\t\t<section class=\"elementor-section elementor-top-section elementor-element elementor-element-dc006dc elementor-section-boxed elementor-section-height-default elementor-section-height-default\" data-id=\"dc006dc\" data-element_type=\"section\" data-settings=\"{&quot;background_background&quot;:&quot;classic&quot;}\">\n\t\t\t\t\t\t<div class=\"elementor-container elementor-column-gap-no\">\n\t\t\t\t\t<div class=\"elementor-column elementor-col-100 elementor-top-column elementor-element elementor-element-1d46226\" data-id=\"1d46226\" data-element_type=\"column\">\n\t\t\t<div class=\"elementor-widget-wrap elementor-element-populated\">\n\t\t\t\t\t\t\t\t<div class=\"elementor-element elementor-element-4843bd1 elementor-widget elementor-widget-heading\" data-id=\"4843bd1\" data-element_type=\"widget\" data-widget_type=\"heading.default\">\n\t\t\t\t<div class=\"elementor-widget-container\">\n\t\t\t<style>\/*! elementor - v3.10.1 - 17-01-2023 *\/\n.elementor-heading-title{padding:0;margin:0;line-height:1}.elementor-widget-heading .elementor-heading-title[class*=elementor-size-]>a{color:inherit;font-size:inherit;line-height:inherit}.elementor-widget-heading .elementor-heading-title.elementor-size-small{font-size:15px}.elementor-widget-heading .elementor-heading-title.elementor-size-medium{font-size:19px}.elementor-widget-heading .elementor-heading-title.elementor-size-large{font-size:29px}.elementor-widget-heading .elementor-heading-title.elementor-size-xl{font-size:39px}.elementor-widget-heading .elementor-heading-title.elementor-size-xxl{font-size:59px}<\/style><h1 class=\"elementor-heading-title elementor-size-default\">Hankkeesta<\/h1>\t\t<\/div>\n\t\t\t\t<\/div>\n\t\t\t\t<div class=\"elementor-element elementor-element-644d8bd elementor-widget elementor-widget-text-editor\" data-id=\"644d8bd\" data-element_type=\"widget\" data-widget_type=\"text-editor.default\">\n\t\t\t\t<div class=\"elementor-widget-container\">\n\t\t\t<style>\/*! elementor - v3.10.1 - 17-01-2023 *\/\n.elementor-widget-text-editor.elementor-drop-cap-view-stacked .elementor-drop-cap{background-color:#818a91;color:#fff}.elementor-widget-text-editor.elementor-drop-cap-view-framed .elementor-drop-cap{color:#818a91;border:3px solid;background-color:transparent}.elementor-widget-text-editor:not(.elementor-drop-cap-view-default) .elementor-drop-cap{margin-top:8px}.elementor-widget-text-editor:not(.elementor-drop-cap-view-default) .elementor-drop-cap-letter{width:1em;height:1em}.elementor-widget-text-editor .elementor-drop-cap{float:left;text-align:center;line-height:1;font-size:50px}.elementor-widget-text-editor .elementor-drop-cap-letter{display:inline-block}<\/style>\t\t\t\t<p>DESSEV-aplikaatio on tulos Erasmus+ -hankkeen yhteisty\u00f6st\u00e4 monikansallisten ammatillisten kouluttajien kesken. Sovellus on suunniteltu ja kehitetty merenkulun henkil\u00f6st\u00f6lle antamaan viitteit\u00e4 mahdollisesta epidemian puhkeamisesta.<br \/>.<\/p>\t\t\t\t\t\t<\/div>\n\t\t\t\t<\/div>\n\t\t\t\t\t<\/div>\n\t\t<\/div>\n\t\t\t\t\t\t\t<\/div>\n\t\t<\/section>\n\t\t\t\t<section class=\"elementor-section elementor-top-section elementor-element elementor-element-5026463 elementor-section-boxed elementor-section-height-default elementor-section-height-default\" data-id=\"5026463\" data-element_type=\"section\">\n\t\t\t\t\t\t<div class=\"elementor-container elementor-column-gap-default\">\n\t\t\t\t\t<div class=\"elementor-column elementor-col-100 elementor-top-column elementor-element elementor-element-1c20ce08\" data-id=\"1c20ce08\" data-element_type=\"column\">\n\t\t\t<div class=\"elementor-widget-wrap elementor-element-populated\">\n\t\t\t\t\t\t\t\t<div class=\"elementor-element elementor-element-7eb5601c elementor-widget elementor-widget-text-editor\" data-id=\"7eb5601c\" data-element_type=\"widget\" data-widget_type=\"text-editor.default\">\n\t\t\t\t<div class=\"elementor-widget-container\">\n\t\t\t\t\t\t\t<!-- wp:paragraph -->\n<p>Hanke on omistettu merialuksen epidemian puhkeamiseen liittyviin kysymyksiin. K\u00e4yt\u00e4nn\u00f6ss\u00e4 aluksesta tulee liikkuva eristetty alue, jolla on suuri potentiaali \"vapauttaa\" tauti suuremmalle alueelle. COVID-19-epidemia on osoittanut, ett\u00e4 monissa paikoissa ei ole mekanismeja tautih\u00e4t\u00e4tilanteiden hoitamiseksi. Vaikka monissa sopimuksissa ennakoitiin \"force majeure\" -riskej\u00e4, kukaan ei tiennyt, ett\u00e4 t\u00e4m\u00e4 voisi olla globaalia. COVID-19 on osoittanut, ett\u00e4 hyvin usein olemassa olevia menettelyj\u00e4 ei ole mukautettu ymp\u00e4r\u00f6iv\u00e4\u00e4n todellisuuteen. Uusia menettelytapoja on kehitett\u00e4v\u00e4 nopeasti. Joskus t\u00e4llaisten menettelyjen toteuttamiselle ja soveltamiselle ei ole oikeusperustaa. Jokaisessa maassa on otettu k\u00e4ytt\u00f6\u00f6n erilaisia \u200b\u200bkoronaviruksen uhkaan liittyvi\u00e4 ratkaisuja. Jotkut teot osoittautuvat oikeiksi, jotkut eiv\u00e4t.<br>Valitettavasti monissa tapauksissa my\u00f6s sosiaalinen tekij\u00e4 on t\u00e4rke\u00e4 (rokotusten vastustus, rajoitukset jne.). Joskus kuitenkin joudumme tilanteeseen, jossa emme malta odottaa uusien menettelytapojen kehitt\u00e4mist\u00e4. COVID-19 on vaikuttanut kielteisesti l\u00e4hes kaikkiin talouden osa-alueisiin. Voidaan sanoa, ett\u00e4 se on suurin globaali uhka sitten toisen maailmansodan. Hankkeen tavoitteena on rakentaa asiantuntijaj\u00e4rjestelm\u00e4 merialuksen epidemiauhkien riskeist\u00e4 (ei vain COVID-19). Jokainen kauppalaiva, huvivene, purjevene on varustettava asianmukaisilla viestint\u00e4v\u00e4lineill\u00e4, jotka liittyv\u00e4t sen liikealueeseen. Se voi olla radio, satelliittiasema, matkapuhelin jne. Jokainen niist\u00e4 m\u00e4\u00e4ritt\u00e4\u00e4 eri tavan saada l\u00e4\u00e4ketieteellist\u00e4 apua (tai neuvontaa). Lis\u00e4ksi aluksella olevien radio-operaattoreiden tulee olla valtuutetun organisaation hyv\u00e4ksymi\u00e4 ja perehdytt\u00e4v\u00e4 merenkulun radioviestint\u00e4menettelyihin. Radio-operaattorin varmenteita on pari tyyppi\u00e4 riippuen niiden tarkoituksesta. Esimerkiksi yleisin on merimiesten k\u00e4ytt\u00e4m\u00e4 SRC (Short Range Certificate) ja STCW:n (Standard for Training Certification and Watchkeeping) vaatima GOC (General Operator\u2019s Certificate) kansip\u00e4\u00e4llyst\u00f6jen osalta. Hankkeen motiivina on toimittaa asiantuntijaj\u00e4rjestelm\u00e4, joka voi auttaa ratkaisemaan: i)miten ei-l\u00e4\u00e4ketieteelliset henkil\u00f6t p\u00e4\u00e4sev\u00e4t tarkasti k\u00e4siksi l\u00e4\u00e4ketieteelliseen tilanteeseen?; ii) mihin l\u00e4\u00e4ketieteelliseen laitokseen tulisi ottaa yhteytt\u00e4? iii) mit\u00e4 viestint\u00e4tapaa tulisi k\u00e4ytt\u00e4\u00e4.<br>Hankkeen tavoitteena on siis suunnitella ja kehitt\u00e4\u00e4 merenkulun p\u00e4\u00e4t\u00f6ksentekij\u00f6iden p\u00e4\u00e4t\u00f6ksenteon tukij\u00e4rjestelm\u00e4, joka antaa viitteit\u00e4 epidemian puhkeamisen varalta. Esimerkki toiminnasta: yksi miehist\u00f6n j\u00e4sen sairastui aluksella; h\u00e4nelle annettiin l\u00e4\u00e4k\u00e4rinhoitoa. Kaksi muuta ihmist\u00e4 sairastui seuraavana p\u00e4iv\u00e4n\u00e4. Kapteeni alkaa ep\u00e4ill\u00e4 epidemiaa (tartuntatauti, ruokamyrkytys). Tarkistaa nopeasti tunnistetut oireet j\u00e4rjestelm\u00e4st\u00e4 ja t\u00e4lt\u00e4 pohjalta j\u00e4rjestelm\u00e4 opastaa toimiin \u2013 miten l\u00e4\u00e4ketieteellist\u00e4 apua annetaan, mihin palveluihin ilmoittaa, mit\u00e4 toimenpiteit\u00e4 toteuttaa. Epidemiah\u00e4lytys! <\/p>\n<!-- \/wp:paragraph -->\t\t\t\t\t\t<\/div>\n\t\t\t\t<\/div>\n\t\t\t\t\t<\/div>\n\t\t<\/div>\n\t\t\t\t\t\t\t<\/div>\n\t\t<\/section>\n\t\t\t\t\t\t\t<\/div>","protected":false},"excerpt":{"rendered":"<p>About the Project DESSEV Erasmus+ project brought together seven organisations from six European countries to design and develop the decision support system for maritime decision makers in order to givesome indications in the case of epidemic outbreak. The project is devoted to issues related to the outbreak of an epidemic on the sea-going vessel. In &hellip;<\/p>\n<p class=\"read-more\"> <a class=\"\" href=\"https:\/\/dessevproject.eu\/fi\/project\/\"> <span class=\"screen-reader-text\">Hanke<\/span> Lue lis\u00e4\u00e4 &raquo;<\/a><\/p>","protected":false},"author":1,"featured_media":0,"parent":0,"menu_order":0,"comment_status":"closed","ping_status":"closed","template":"","meta":{"_uag_custom_page_level_css":"","site-sidebar-layout":"no-sidebar","site-content-layout":"page-builder","ast-global-header-display":"","ast-main-header-display":"","ast-hfb-above-header-display":"","ast-hfb-below-header-display":"","ast-hfb-mobile-header-display":"","site-post-title":"disabled","ast-breadcrumbs-content":"","ast-featured-img":"","footer-sml-layout":"","theme-transparent-header-meta":"enabled","adv-header-id-meta":"","stick-header-meta":"","header-above-stick-meta":"","header-main-stick-meta":"","header-below-stick-meta":"","footnotes":""},"class_list":["post-1123","page","type-page","status-publish","hentry"],"uagb_featured_image_src":{"full":false,"thumbnail":false,"medium":false,"medium_large":false,"large":false,"1536x1536":false,"2048x2048":false,"trp-custom-language-flag":false},"uagb_author_info":{"display_name":"admin","author_link":"https:\/\/dessevproject.eu\/fi\/author\/admin\/"},"uagb_comment_info":0,"uagb_excerpt":"About the Project DESSEV Erasmus+ project brought together seven organisations from six European countries to design and develop the decision support system for maritime decision makers in order to givesome indications in the case of epidemic outbreak. The project is devoted to issues related to the outbreak of an epidemic on the sea-going vessel. In&hellip;","_links":{"self":[{"href":"https:\/\/dessevproject.eu\/fi\/wp-json\/wp\/v2\/pages\/1123","targetHints":{"allow":["GET"]}}],"collection":[{"href":"https:\/\/dessevproject.eu\/fi\/wp-json\/wp\/v2\/pages"}],"about":[{"href":"https:\/\/dessevproject.eu\/fi\/wp-json\/wp\/v2\/types\/page"}],"author":[{"embeddable":true,"href":"https:\/\/dessevproject.eu\/fi\/wp-json\/wp\/v2\/users\/1"}],"replies":[{"embeddable":true,"href":"https:\/\/dessevproject.eu\/fi\/wp-json\/wp\/v2\/comments?post=1123"}],"version-history":[{"count":20,"href":"https:\/\/dessevproject.eu\/fi\/wp-json\/wp\/v2\/pages\/1123\/revisions"}],"predecessor-version":[{"id":1286,"href":"https:\/\/dessevproject.eu\/fi\/wp-json\/wp\/v2\/pages\/1123\/revisions\/1286"}],"wp:attachment":[{"href":"https:\/\/dessevproject.eu\/fi\/wp-json\/wp\/v2\/media?parent=1123"}],"curies":[{"name":"wp","href":"https:\/\/api.w.org\/{rel}","templated":true}]}}