{"id":2193,"date":"2024-07-24T04:36:09","date_gmt":"2024-07-24T04:36:09","guid":{"rendered":"https:\/\/dessevproject.eu\/?page_id=2193"},"modified":"2024-07-24T14:11:37","modified_gmt":"2024-07-24T14:11:37","slug":"terms-and-conditions","status":"publish","type":"page","link":"https:\/\/dessevproject.eu\/es\/terms-and-conditions\/","title":{"rendered":"T\u00e9rminos y condiciones"},"content":{"rendered":"<div data-elementor-type=\"wp-page\" data-elementor-id=\"2193\" class=\"elementor elementor-2193\">\n\t\t\t\t\t\t\t\t\t<section class=\"elementor-section elementor-top-section elementor-element elementor-element-0640757 elementor-section-boxed elementor-section-height-default elementor-section-height-default\" data-id=\"0640757\" data-element_type=\"section\" data-settings=\"{&quot;background_background&quot;:&quot;classic&quot;}\">\n\t\t\t\t\t\t<div class=\"elementor-container elementor-column-gap-no\">\n\t\t\t\t\t<div class=\"elementor-column elementor-col-100 elementor-top-column elementor-element elementor-element-742bc29\" data-id=\"742bc29\" data-element_type=\"column\">\n\t\t\t<div class=\"elementor-widget-wrap elementor-element-populated\">\n\t\t\t\t\t\t\t\t<div class=\"elementor-element elementor-element-229e2ca elementor-widget elementor-widget-heading\" data-id=\"229e2ca\" data-element_type=\"widget\" data-widget_type=\"heading.default\">\n\t\t\t\t<div class=\"elementor-widget-container\">\n\t\t\t<style>\/*! elementor - v3.10.1 - 17-01-2023 *\/\n.elementor-heading-title{padding:0;margin:0;line-height:1}.elementor-widget-heading .elementor-heading-title[class*=elementor-size-]>a{color:inherit;font-size:inherit;line-height:inherit}.elementor-widget-heading .elementor-heading-title.elementor-size-small{font-size:15px}.elementor-widget-heading .elementor-heading-title.elementor-size-medium{font-size:19px}.elementor-widget-heading .elementor-heading-title.elementor-size-large{font-size:29px}.elementor-widget-heading .elementor-heading-title.elementor-size-xl{font-size:39px}.elementor-widget-heading .elementor-heading-title.elementor-size-xxl{font-size:59px}<\/style><h1 class=\"elementor-heading-title elementor-size-default\">T\u00e9rminos y condiciones<\/h1>\t\t<\/div>\n\t\t\t\t<\/div>\n\t\t\t\t<div class=\"elementor-element elementor-element-1c5e569 elementor-widget elementor-widget-text-editor\" data-id=\"1c5e569\" data-element_type=\"widget\" data-widget_type=\"text-editor.default\">\n\t\t\t\t<div class=\"elementor-widget-container\">\n\t\t\t<style>\/*! elementor - v3.10.1 - 17-01-2023 *\/\n.elementor-widget-text-editor.elementor-drop-cap-view-stacked .elementor-drop-cap{background-color:#818a91;color:#fff}.elementor-widget-text-editor.elementor-drop-cap-view-framed .elementor-drop-cap{color:#818a91;border:3px solid;background-color:transparent}.elementor-widget-text-editor:not(.elementor-drop-cap-view-default) .elementor-drop-cap{margin-top:8px}.elementor-widget-text-editor:not(.elementor-drop-cap-view-default) .elementor-drop-cap-letter{width:1em;height:1em}.elementor-widget-text-editor .elementor-drop-cap{float:left;text-align:center;line-height:1;font-size:50px}.elementor-widget-text-editor .elementor-drop-cap-letter{display:inline-block}<\/style>\t\t\t\t<p>Descargo de responsabilidad<\/p>\t\t\t\t\t\t<\/div>\n\t\t\t\t<\/div>\n\t\t\t\t\t<\/div>\n\t\t<\/div>\n\t\t\t\t\t\t\t<\/div>\n\t\t<\/section>\n\t\t\t\t<section class=\"elementor-section elementor-top-section elementor-element elementor-element-0b7f887 elementor-section-boxed elementor-section-height-default elementor-section-height-default\" data-id=\"0b7f887\" data-element_type=\"section\">\n\t\t\t\t\t\t<div class=\"elementor-container elementor-column-gap-default\">\n\t\t\t\t\t<div class=\"elementor-column elementor-col-100 elementor-top-column elementor-element elementor-element-4566380\" data-id=\"4566380\" data-element_type=\"column\">\n\t\t\t<div class=\"elementor-widget-wrap elementor-element-populated\">\n\t\t\t\t\t\t\t\t<div class=\"elementor-element elementor-element-418ad70 elementor-widget elementor-widget-text-editor\" data-id=\"418ad70\" data-element_type=\"widget\" data-widget_type=\"text-editor.default\">\n\t\t\t\t<div class=\"elementor-widget-container\">\n\t\t\t\t\t\t\t<p><span style=\"font-weight: 400;\">Fecha efectiva: 3.5.2024<\/span><\/p><p><span style=\"font-weight: 400;\">El consorcio DESSEV tiene como objetivo proporcionar informaci\u00f3n fiable y actualizada. Sin embargo, queremos <\/span><span style=\"font-weight: 400;\">explicitly to<\/span><span style=\"font-weight: 400;\"> inform you on the following:<\/span><\/p><ul><li><span style=\"font-weight: 400;\">Esta aplicaci\u00f3n tiene fines meramente informativos y en ning\u00fan caso debe sustituir el asesoramiento, diagn\u00f3stico o tratamiento m\u00e9dico profesional. La informaci\u00f3n proporcionada aqu\u00ed no debe considerarse asesoramiento m\u00e9dico y no debe utilizarse como tal. En todos los casos, primero debe consultar y seguir el consejo de un profesional m\u00e9dico calificado.<\/span><\/li><li>El consorcio DESSEV ha hecho todo lo posible para garantizar que toda la informaci\u00f3n de la aplicaci\u00f3n est\u00e9 actualizada y sea precisa. A pesar de estos esfuerzos, no podemos garantizar que la informaci\u00f3n est\u00e9 libre de errores o que sea totalmente completa, ya que la aplicaci\u00f3n que est\u00e1 utilizando est\u00e1 destinada a fines informativos.<\/li><li>El consorcio DESSEV no se hace responsable del uso indebido de la aplicaci\u00f3n o de la informaci\u00f3n contenida en el sitio web de DESSEV. La aplicaci\u00f3n y sus resultados deben utilizarse con precauci\u00f3n. La responsabilidad por el uso de toda la informaci\u00f3n contenida en la aplicaci\u00f3n y\/o el sitio web recae exclusivamente en el usuario y el consorcio no es responsable de ning\u00fan da\u00f1o de cualquier tipo causado por el uso de la aplicaci\u00f3n, sus resultados y la informaci\u00f3n contenida en el sitio web de DESSEV.<\/li><li>Al continuar utilizando esta aplicaci\u00f3n, usted reconoce que ha le\u00eddo, comprendido y aceptado todos los t\u00e9rminos y condiciones establecidos en este documento. Si no acepta estos t\u00e9rminos, debe dejar de usar la aplicaci\u00f3n de inmediato y dejar de utilizar los resultados ya obtenidos y abstenerse de cualquier informaci\u00f3n contenida en el sitio web.<\/li><\/ul><p><span style=\"font-weight: 400;\"> Si tiene m\u00e1s preguntas o inquietudes, no dude en contactarnos a dessevproject@gmail.com.<\/span><\/p>\t\t\t\t\t\t<\/div>\n\t\t\t\t<\/div>\n\t\t\t\t\t<\/div>\n\t\t<\/div>\n\t\t\t\t\t\t\t<\/div>\n\t\t<\/section>\n\t\t\t\t\t\t\t<\/div>","protected":false},"excerpt":{"rendered":"<p>Terms and conditions Disclaimer Effective Date: 3.5.2024 The DESSEV consortium aims to provide reliable and up-to-date information. However, we want explicitly to inform you on the following: This app is intended for informational purposes only and in no case should replace professional medical advice, diagnosis, or treatment. The information provided here is not to be &hellip;<\/p>\n<p class=\"read-more\"> <a class=\"\" href=\"https:\/\/dessevproject.eu\/es\/terms-and-conditions\/\"> <span class=\"screen-reader-text\">T\u00e9rminos y condiciones<\/span> Leer m\u00e1s &raquo;<\/a><\/p>","protected":false},"author":1,"featured_media":0,"parent":0,"menu_order":0,"comment_status":"closed","ping_status":"closed","template":"","meta":{"_uag_custom_page_level_css":"","site-sidebar-layout":"no-sidebar","site-content-layout":"page-builder","ast-global-header-display":"","ast-main-header-display":"","ast-hfb-above-header-display":"","ast-hfb-below-header-display":"","ast-hfb-mobile-header-display":"","site-post-title":"disabled","ast-breadcrumbs-content":"","ast-featured-img":"disabled","footer-sml-layout":"","theme-transparent-header-meta":"enabled","adv-header-id-meta":"","stick-header-meta":"","header-above-stick-meta":"","header-main-stick-meta":"","header-below-stick-meta":"","footnotes":""},"class_list":["post-2193","page","type-page","status-publish","hentry"],"uagb_featured_image_src":{"full":false,"thumbnail":false,"medium":false,"medium_large":false,"large":false,"1536x1536":false,"2048x2048":false,"trp-custom-language-flag":false},"uagb_author_info":{"display_name":"admin","author_link":"https:\/\/dessevproject.eu\/es\/author\/admin\/"},"uagb_comment_info":0,"uagb_excerpt":"Terms and conditions Disclaimer Effective Date: 3.5.2024 The DESSEV consortium aims to provide reliable and up-to-date information. However, we want explicitly to inform you on the following: This app is intended for informational purposes only and in no case should replace professional medical advice, diagnosis, or treatment. The information provided here is not to be&hellip;","_links":{"self":[{"href":"https:\/\/dessevproject.eu\/es\/wp-json\/wp\/v2\/pages\/2193","targetHints":{"allow":["GET"]}}],"collection":[{"href":"https:\/\/dessevproject.eu\/es\/wp-json\/wp\/v2\/pages"}],"about":[{"href":"https:\/\/dessevproject.eu\/es\/wp-json\/wp\/v2\/types\/page"}],"author":[{"embeddable":true,"href":"https:\/\/dessevproject.eu\/es\/wp-json\/wp\/v2\/users\/1"}],"replies":[{"embeddable":true,"href":"https:\/\/dessevproject.eu\/es\/wp-json\/wp\/v2\/comments?post=2193"}],"version-history":[{"count":14,"href":"https:\/\/dessevproject.eu\/es\/wp-json\/wp\/v2\/pages\/2193\/revisions"}],"predecessor-version":[{"id":2209,"href":"https:\/\/dessevproject.eu\/es\/wp-json\/wp\/v2\/pages\/2193\/revisions\/2209"}],"wp:attachment":[{"href":"https:\/\/dessevproject.eu\/es\/wp-json\/wp\/v2\/media?parent=2193"}],"curies":[{"name":"wp","href":"https:\/\/api.w.org\/{rel}","templated":true}]}}