{"id":2152,"date":"2024-05-18T18:34:48","date_gmt":"2024-05-18T18:34:48","guid":{"rendered":"https:\/\/dessevproject.eu\/?page_id=2152"},"modified":"2024-07-24T04:29:51","modified_gmt":"2024-07-24T04:29:51","slug":"privacy-policy","status":"publish","type":"page","link":"https:\/\/dessevproject.eu\/es\/privacy-policy\/","title":{"rendered":"Pol\u00edtica de privacidad"},"content":{"rendered":"<div data-elementor-type=\"wp-page\" data-elementor-id=\"2152\" class=\"elementor elementor-2152\">\n\t\t\t\t\t\t\t\t\t<section class=\"elementor-section elementor-top-section elementor-element elementor-element-d0c669f elementor-section-boxed elementor-section-height-default elementor-section-height-default\" data-id=\"d0c669f\" data-element_type=\"section\" data-settings=\"{&quot;background_background&quot;:&quot;classic&quot;}\">\n\t\t\t\t\t\t<div class=\"elementor-container elementor-column-gap-no\">\n\t\t\t\t\t<div class=\"elementor-column elementor-col-100 elementor-top-column elementor-element elementor-element-397b47f\" data-id=\"397b47f\" data-element_type=\"column\">\n\t\t\t<div class=\"elementor-widget-wrap elementor-element-populated\">\n\t\t\t\t\t\t\t\t<div class=\"elementor-element elementor-element-f3dc323 elementor-widget elementor-widget-heading\" data-id=\"f3dc323\" data-element_type=\"widget\" data-widget_type=\"heading.default\">\n\t\t\t\t<div class=\"elementor-widget-container\">\n\t\t\t<style>\/*! elementor - v3.10.1 - 17-01-2023 *\/\n.elementor-heading-title{padding:0;margin:0;line-height:1}.elementor-widget-heading .elementor-heading-title[class*=elementor-size-]>a{color:inherit;font-size:inherit;line-height:inherit}.elementor-widget-heading .elementor-heading-title.elementor-size-small{font-size:15px}.elementor-widget-heading .elementor-heading-title.elementor-size-medium{font-size:19px}.elementor-widget-heading .elementor-heading-title.elementor-size-large{font-size:29px}.elementor-widget-heading .elementor-heading-title.elementor-size-xl{font-size:39px}.elementor-widget-heading .elementor-heading-title.elementor-size-xxl{font-size:59px}<\/style><h1 class=\"elementor-heading-title elementor-size-default\">Pol\u00edtica de privacidad<\/h1>\t\t<\/div>\n\t\t\t\t<\/div>\n\t\t\t\t<div class=\"elementor-element elementor-element-13ea35b elementor-widget elementor-widget-text-editor\" data-id=\"13ea35b\" data-element_type=\"widget\" data-widget_type=\"text-editor.default\">\n\t\t\t\t<div class=\"elementor-widget-container\">\n\t\t\t<style>\/*! elementor - v3.10.1 - 17-01-2023 *\/\n.elementor-widget-text-editor.elementor-drop-cap-view-stacked .elementor-drop-cap{background-color:#818a91;color:#fff}.elementor-widget-text-editor.elementor-drop-cap-view-framed .elementor-drop-cap{color:#818a91;border:3px solid;background-color:transparent}.elementor-widget-text-editor:not(.elementor-drop-cap-view-default) .elementor-drop-cap{margin-top:8px}.elementor-widget-text-editor:not(.elementor-drop-cap-view-default) .elementor-drop-cap-letter{width:1em;height:1em}.elementor-widget-text-editor .elementor-drop-cap{float:left;text-align:center;line-height:1;font-size:50px}.elementor-widget-text-editor .elementor-drop-cap-letter{display:inline-block}<\/style>\t\t\t\t<p>Proteger su privacidad es importante para nosotros.<\/p>\t\t\t\t\t\t<\/div>\n\t\t\t\t<\/div>\n\t\t\t\t\t<\/div>\n\t\t<\/div>\n\t\t\t\t\t\t\t<\/div>\n\t\t<\/section>\n\t\t\t\t<section class=\"elementor-section elementor-top-section elementor-element elementor-element-a68f663 elementor-section-boxed elementor-section-height-default elementor-section-height-default\" data-id=\"a68f663\" data-element_type=\"section\">\n\t\t\t\t\t\t<div class=\"elementor-container elementor-column-gap-default\">\n\t\t\t\t\t<div class=\"elementor-column elementor-col-100 elementor-top-column elementor-element elementor-element-b78802c\" data-id=\"b78802c\" data-element_type=\"column\">\n\t\t\t<div class=\"elementor-widget-wrap elementor-element-populated\">\n\t\t\t\t\t\t\t\t<div class=\"elementor-element elementor-element-f6fb23e elementor-widget elementor-widget-text-editor\" data-id=\"f6fb23e\" data-element_type=\"widget\" data-widget_type=\"text-editor.default\">\n\t\t\t\t<div class=\"elementor-widget-container\">\n\t\t\t\t\t\t\t<p>Fecha efectiva: 3.5.2024<\/p><p class=\" translation-block\">Esta pol\u00edtica de privacidad de la aplicaci\u00f3n DESSEV describe por qu\u00e9 y qu\u00e9 datos se recopilan, almacenan y comparten, y c\u00f3mo se protegen. Al utilizar la aplicaci\u00f3n DESSEV, acepta los t\u00e9rminos que se describen a continuaci\u00f3n.<\/p><ol><li><p><strong>Recopilaci\u00f3n de informaci\u00f3n:<\/strong><\/p><ul><li>La aplicaci\u00f3n DESSEV no recopila ninguna informaci\u00f3n personal de los usuarios.<\/li><li>No solicitamos acceso a la c\u00e1mara, micr\u00f3fono, contactos ni ubicaci\u00f3n de su dispositivo. <span style=\"font-weight: 400;\">or data stored on your device<\/span>.<\/li><li><span style=\"font-weight: 400;\">No recopilamos ninguna informaci\u00f3n, incluida la direcci\u00f3n IP del usuario ni ning\u00fan otro dato del uso del navegador del usuario.<\/span><\/li><\/ul><\/li><li><p><strong>Uso de datos:<\/strong><\/p><ul><li><span style=\"font-weight: 400;\">La aplicaci\u00f3n DESSEV almacena datos de cada env\u00edo de s\u00edntomas\/signos solo con fines anal\u00edticos. Los datos almacenados incluyen:<\/span> <span style=\"font-weight: 400;\">date of submission and used language.<\/span><\/li><li><span style=\"font-weight: 400;\">La aplicaci\u00f3n DESSEV almacena datos sobre cada env\u00edo de correo electr\u00f3nico realizado en nombre del usuario \u00fanicamente con fines anal\u00edticos, incluida la fecha de env\u00edo y el idioma utilizado.<\/span><\/li><li><span style=\"font-weight: 400;\">La aplicaci\u00f3n DESSEV <\/span>no<span style=\"font-weight: 400;\"> mantiene o almacena ning\u00fan dato del usuario, personal o de otro tipo<\/span><\/li><li><span style=\"font-weight: 400;\">La aplicaci\u00f3n DESSEV <\/span>no rastrear\u00e1 su actividad dentro de la aplicaci\u00f3n.<\/li><li>La aplicaci\u00f3n DESSEV no<span style=\"font-weight: 400;\"> comparte o vende datos con terceros.<\/span><\/li><\/ul><\/li><li><p><strong>Cookies y an\u00e1lisis:<\/strong><\/p><ul><li>La aplicaci\u00f3n DESSEV no utiliza cookies ni herramientas de an\u00e1lisis.<\/li><li>Respetamos su privacidad y no participamos en ninguna actividad de seguimiento.<\/li><\/ul><\/li><li><p><strong>Privacidad de los ni\u00f1os:<\/strong><\/p><ul><li>La aplicaci\u00f3n DESSEV no est\u00e1 destinada a ni\u00f1os menores de 18 a\u00f1os.<\/li><li>No recopilamos intencionalmente informaci\u00f3n personal de ni\u00f1os.<\/li><\/ul><\/li><li><p><strong>Medidas de seguridad<\/strong><\/p><ul><li>Si bien no recopilamos datos, nos tomamos la seguridad muy en serio.<\/li><li><span style=\"font-weight: 400;\">Tomamos precauciones razonables para evitar el acceso no autorizado a los datos proporcionados por usted en nuestra aplicaci\u00f3n.<\/span><\/li><li><span style=\"font-weight: 400;\">La aplicaci\u00f3n est\u00e1 dise\u00f1ada para funcionar sin almacenar ning\u00fan dato proporcionado por el usuario ni datos personales.<\/span><\/li><\/ul><\/li><li><p><strong>Cambios en la pol\u00edtica de privacidad<\/strong><\/p><ul><li>Cualquier actualizaci\u00f3n de esta pol\u00edtica de privacidad se comunicar\u00e1 dentro de la aplicaci\u00f3n.<\/li><li>Revise esta pol\u00edtica peri\u00f3dicamente.<\/li><\/ul><\/li><li><p><strong>Cont\u00e1ctenos<\/strong><\/p><ul><li>Si tiene alguna pregunta o inquietud sobre nuestras pr\u00e1cticas de privacidad, cont\u00e1ctenos en dessevproject@gmail.com.<\/li><\/ul><\/li><\/ol>\t\t\t\t\t\t<\/div>\n\t\t\t\t<\/div>\n\t\t\t\t\t<\/div>\n\t\t<\/div>\n\t\t\t\t\t\t\t<\/div>\n\t\t<\/section>\n\t\t\t\t\t\t\t<\/div>","protected":false},"excerpt":{"rendered":"<p>Privacy policy Protecting your privacy is important to us. Effective Date: 3.5.2024 This privacy policy of the DESSEV App outlines why, and which data is collected, stored, shared and how this data is protected. By using the DESSEV App, you agree to the terms described below. Information Collection: The DESSEV App does not collect any &hellip;<\/p>\n<p class=\"read-more\"> <a class=\"\" href=\"https:\/\/dessevproject.eu\/es\/privacy-policy\/\"> <span class=\"screen-reader-text\">Pol\u00edtica de privacidad<\/span> Leer m\u00e1s &raquo;<\/a><\/p>","protected":false},"author":1,"featured_media":0,"parent":0,"menu_order":0,"comment_status":"closed","ping_status":"closed","template":"","meta":{"_uag_custom_page_level_css":"","site-sidebar-layout":"no-sidebar","site-content-layout":"page-builder","ast-global-header-display":"","ast-main-header-display":"","ast-hfb-above-header-display":"","ast-hfb-below-header-display":"","ast-hfb-mobile-header-display":"","site-post-title":"disabled","ast-breadcrumbs-content":"","ast-featured-img":"disabled","footer-sml-layout":"","theme-transparent-header-meta":"enabled","adv-header-id-meta":"","stick-header-meta":"","header-above-stick-meta":"","header-main-stick-meta":"","header-below-stick-meta":"","footnotes":""},"class_list":["post-2152","page","type-page","status-publish","hentry"],"uagb_featured_image_src":{"full":false,"thumbnail":false,"medium":false,"medium_large":false,"large":false,"1536x1536":false,"2048x2048":false,"trp-custom-language-flag":false},"uagb_author_info":{"display_name":"admin","author_link":"https:\/\/dessevproject.eu\/es\/author\/admin\/"},"uagb_comment_info":0,"uagb_excerpt":"Privacy policy Protecting your privacy is important to us. Effective Date: 3.5.2024 This privacy policy of the DESSEV App outlines why, and which data is collected, stored, shared and how this data is protected. By using the DESSEV App, you agree to the terms described below. Information Collection: The DESSEV App does not collect any&hellip;","_links":{"self":[{"href":"https:\/\/dessevproject.eu\/es\/wp-json\/wp\/v2\/pages\/2152","targetHints":{"allow":["GET"]}}],"collection":[{"href":"https:\/\/dessevproject.eu\/es\/wp-json\/wp\/v2\/pages"}],"about":[{"href":"https:\/\/dessevproject.eu\/es\/wp-json\/wp\/v2\/types\/page"}],"author":[{"embeddable":true,"href":"https:\/\/dessevproject.eu\/es\/wp-json\/wp\/v2\/users\/1"}],"replies":[{"embeddable":true,"href":"https:\/\/dessevproject.eu\/es\/wp-json\/wp\/v2\/comments?post=2152"}],"version-history":[{"count":14,"href":"https:\/\/dessevproject.eu\/es\/wp-json\/wp\/v2\/pages\/2152\/revisions"}],"predecessor-version":[{"id":2192,"href":"https:\/\/dessevproject.eu\/es\/wp-json\/wp\/v2\/pages\/2152\/revisions\/2192"}],"wp:attachment":[{"href":"https:\/\/dessevproject.eu\/es\/wp-json\/wp\/v2\/media?parent=2152"}],"curies":[{"name":"wp","href":"https:\/\/api.w.org\/{rel}","templated":true}]}}