{"id":1123,"date":"2023-01-24T08:14:56","date_gmt":"2023-01-24T08:14:56","guid":{"rendered":"https:\/\/dessevproject.eu\/?page_id=1123"},"modified":"2023-01-24T15:08:37","modified_gmt":"2023-01-24T15:08:37","slug":"project","status":"publish","type":"page","link":"https:\/\/dessevproject.eu\/es\/project\/","title":{"rendered":"Proyecto"},"content":{"rendered":"<div data-elementor-type=\"wp-page\" data-elementor-id=\"1123\" class=\"elementor elementor-1123\">\n\t\t\t\t\t\t\t\t\t<section class=\"elementor-section elementor-top-section elementor-element elementor-element-dc006dc elementor-section-boxed elementor-section-height-default elementor-section-height-default\" data-id=\"dc006dc\" data-element_type=\"section\" data-settings=\"{&quot;background_background&quot;:&quot;classic&quot;}\">\n\t\t\t\t\t\t<div class=\"elementor-container elementor-column-gap-no\">\n\t\t\t\t\t<div class=\"elementor-column elementor-col-100 elementor-top-column elementor-element elementor-element-1d46226\" data-id=\"1d46226\" data-element_type=\"column\">\n\t\t\t<div class=\"elementor-widget-wrap elementor-element-populated\">\n\t\t\t\t\t\t\t\t<div class=\"elementor-element elementor-element-4843bd1 elementor-widget elementor-widget-heading\" data-id=\"4843bd1\" data-element_type=\"widget\" data-widget_type=\"heading.default\">\n\t\t\t\t<div class=\"elementor-widget-container\">\n\t\t\t<style>\/*! elementor - v3.10.1 - 17-01-2023 *\/\n.elementor-heading-title{padding:0;margin:0;line-height:1}.elementor-widget-heading .elementor-heading-title[class*=elementor-size-]>a{color:inherit;font-size:inherit;line-height:inherit}.elementor-widget-heading .elementor-heading-title.elementor-size-small{font-size:15px}.elementor-widget-heading .elementor-heading-title.elementor-size-medium{font-size:19px}.elementor-widget-heading .elementor-heading-title.elementor-size-large{font-size:29px}.elementor-widget-heading .elementor-heading-title.elementor-size-xl{font-size:39px}.elementor-widget-heading .elementor-heading-title.elementor-size-xxl{font-size:59px}<\/style><h1 class=\"elementor-heading-title elementor-size-default\">Sobre el proyecto<\/h1>\t\t<\/div>\n\t\t\t\t<\/div>\n\t\t\t\t<div class=\"elementor-element elementor-element-644d8bd elementor-widget elementor-widget-text-editor\" data-id=\"644d8bd\" data-element_type=\"widget\" data-widget_type=\"text-editor.default\">\n\t\t\t\t<div class=\"elementor-widget-container\">\n\t\t\t<style>\/*! elementor - v3.10.1 - 17-01-2023 *\/\n.elementor-widget-text-editor.elementor-drop-cap-view-stacked .elementor-drop-cap{background-color:#818a91;color:#fff}.elementor-widget-text-editor.elementor-drop-cap-view-framed .elementor-drop-cap{color:#818a91;border:3px solid;background-color:transparent}.elementor-widget-text-editor:not(.elementor-drop-cap-view-default) .elementor-drop-cap{margin-top:8px}.elementor-widget-text-editor:not(.elementor-drop-cap-view-default) .elementor-drop-cap-letter{width:1em;height:1em}.elementor-widget-text-editor .elementor-drop-cap{float:left;text-align:center;line-height:1;font-size:50px}.elementor-widget-text-editor .elementor-drop-cap-letter{display:inline-block}<\/style>\t\t\t\t<p>El proyecto DESSEV Erasmus+ reuni\u00f3 a siete organizaciones de seis pa\u00edses europeos para dise\u00f1ar y desarrollar el sistema de apoyo a las decisiones para los responsables del sector mar\u00edtimos con el fin de dar<br \/>algunas indicaciones en caso de brote epid\u00e9mico.<\/p>\t\t\t\t\t\t<\/div>\n\t\t\t\t<\/div>\n\t\t\t\t\t<\/div>\n\t\t<\/div>\n\t\t\t\t\t\t\t<\/div>\n\t\t<\/section>\n\t\t\t\t<section class=\"elementor-section elementor-top-section elementor-element elementor-element-5026463 elementor-section-boxed elementor-section-height-default elementor-section-height-default\" data-id=\"5026463\" data-element_type=\"section\">\n\t\t\t\t\t\t<div class=\"elementor-container elementor-column-gap-default\">\n\t\t\t\t\t<div class=\"elementor-column elementor-col-100 elementor-top-column elementor-element elementor-element-1c20ce08\" data-id=\"1c20ce08\" data-element_type=\"column\">\n\t\t\t<div class=\"elementor-widget-wrap elementor-element-populated\">\n\t\t\t\t\t\t\t\t<div class=\"elementor-element elementor-element-7eb5601c elementor-widget elementor-widget-text-editor\" data-id=\"7eb5601c\" data-element_type=\"widget\" data-widget_type=\"text-editor.default\">\n\t\t\t\t<div class=\"elementor-widget-container\">\n\t\t\t\t\t\t\t<!-- wp:paragraph -->\n<p>El proyecto est\u00e1 dedicado a cuestiones relacionadas con la aparici\u00f3n de una epidemia en un buque de navegaci\u00f3n mar\u00edtima. En la pr\u00e1ctica, el buque se convierte en un m\u00f3vil aislado con un gran potencial para \u201cesparcir\u201d la enfermedad en un \u00e1rea mayor. El brote de COVID-19 ha demostrado que en muchos lugares no existen mecanismos para hacer frente a las emergencias sanitarias. Aunque muchos acuerdos y contratos preve\u00edan riesgos de \u201cfuerza mayor\u201d, nadie era consciente del hecho de que esto podr\u00eda ser global. COVID-19 ha demostrado que muy a menudo los procedimientos existentes no se adaptan a la realidad que nos rodea. Muchas veces, es necesario desarrollar r\u00e1pidamente otros nuevos. A veces ni siquiera existe una base jur\u00eddica para implementar y aplicar dichos procedimientos. En cada pa\u00eds se han adoptado diferentes soluciones relacionadas con la amenaza del coronavirus. Algunas acciones resultan correctas, otras no.<br>Lamentablemente, en muchos casos el factor social tambi\u00e9n es importante (oposici\u00f3n a la vacunaci\u00f3n, confinamientos, etc.). A veces, sin embargo, nos encontramos en una situaci\u00f3n en la que no podemos esperar a que se desarrollen nuevos procedimientos. La COVID-19 ha tenido un impacto negativo en casi todos los \u00e1mbitos de la econom\u00eda. Se puede decir que es la mayor amenaza global desde la Segunda Guerra Mundial. El objetivo del proyecto es construir un sistema experto sobre el riesgo de amenazas epid\u00e9micas en un buque mercante (no solo COVID-10). Todo buque mercante, de pesca, embarcaci\u00f3n de recreo o yate de vela debe estar equipado con equipos de comunicaci\u00f3n adecuados asociados a su zona de movimiento. Puede ser una radio, una estaci\u00f3n satelital, un tel\u00e9fono m\u00f3vil, etc. Cada uno de ellos determina una forma diferente de obtener asistencia (o asesoramiento) m\u00e9dico. Adem\u00e1s, los operadores de radio a bordo del barco deben estar certificados por una organizaci\u00f3n autorizada y estar familiarizados con los procedimientos de radiocomunicaci\u00f3n mar\u00edtima. Hay un par de tipos de certificados de operador de radio seg\u00fan su prop\u00f3sito. Por ejemplo, el m\u00e1s com\u00fan es el SRC (Certificado de operador restringido del SMSSM) utilizado por los marinos y el GOC (Certificado de operador general del SMSSM) requerido por el Convenio STCW (Convenio Internacional sobre normas de formaci\u00f3n, titulaci\u00f3n y guardias para la gente de mar) para los oficiales de cubierta. La motivaci\u00f3n del proyecto es entregar un sistema experto que pueda ser \u00fatil para resolver: i) \u00bfc\u00f3mo el personal no m\u00e9dico puede acceder con precisi\u00f3n a la situaci\u00f3n m\u00e9dica?; ii) \u00bfcon qu\u00e9 centro m\u00e9dico se debe contactar?; iii) qu\u00e9 medio de comunicaci\u00f3n se debe utilizar.<br>Por tanto, el objetivo del proyecto es dise\u00f1ar y desarrollar un sistema de apoyo a las decisiones para los responsables de la toma de decisiones a bordo de un buque con el fin de dar algunas indicaciones en caso de un brote epid\u00e9mico. Ejemplo de operaci\u00f3n: un tripulante cay\u00f3 enfermo a bordo del buque se le dio atenci\u00f3n m\u00e9dica. Dos personas m\u00e1s enfermaron al d\u00eda siguiente. El capit\u00e1n empieza a sospechar de una epidemia (enfermedades infecciosas, intoxicaci\u00f3n alimentaria). Comprueba r\u00e1pidamente los s\u00edntomas identificados en el sistema y, sobre esta base, el sistema proporciona orientaci\u00f3n sobre las acciones: c\u00f3mo proporcionar asistencia m\u00e9dica, A qu\u00e9 servicios informar, qu\u00e9 procedimientos implementar. \u00a1Alerta epid\u00e9mica! <\/p>\n<!-- \/wp:paragraph -->\t\t\t\t\t\t<\/div>\n\t\t\t\t<\/div>\n\t\t\t\t\t<\/div>\n\t\t<\/div>\n\t\t\t\t\t\t\t<\/div>\n\t\t<\/section>\n\t\t\t\t\t\t\t<\/div>","protected":false},"excerpt":{"rendered":"<p>About the Project DESSEV Erasmus+ project brought together seven organisations from six European countries to design and develop the decision support system for maritime decision makers in order to givesome indications in the case of epidemic outbreak. The project is devoted to issues related to the outbreak of an epidemic on the sea-going vessel. In &hellip;<\/p>\n<p class=\"read-more\"> <a class=\"\" href=\"https:\/\/dessevproject.eu\/es\/project\/\"> <span class=\"screen-reader-text\">Proyecto<\/span> Leer m\u00e1s &raquo;<\/a><\/p>","protected":false},"author":1,"featured_media":0,"parent":0,"menu_order":0,"comment_status":"closed","ping_status":"closed","template":"","meta":{"_uag_custom_page_level_css":"","site-sidebar-layout":"no-sidebar","site-content-layout":"page-builder","ast-global-header-display":"","ast-main-header-display":"","ast-hfb-above-header-display":"","ast-hfb-below-header-display":"","ast-hfb-mobile-header-display":"","site-post-title":"disabled","ast-breadcrumbs-content":"","ast-featured-img":"","footer-sml-layout":"","theme-transparent-header-meta":"enabled","adv-header-id-meta":"","stick-header-meta":"","header-above-stick-meta":"","header-main-stick-meta":"","header-below-stick-meta":"","footnotes":""},"class_list":["post-1123","page","type-page","status-publish","hentry"],"uagb_featured_image_src":{"full":false,"thumbnail":false,"medium":false,"medium_large":false,"large":false,"1536x1536":false,"2048x2048":false,"trp-custom-language-flag":false},"uagb_author_info":{"display_name":"admin","author_link":"https:\/\/dessevproject.eu\/es\/author\/admin\/"},"uagb_comment_info":0,"uagb_excerpt":"About the Project DESSEV Erasmus+ project brought together seven organisations from six European countries to design and develop the decision support system for maritime decision makers in order to givesome indications in the case of epidemic outbreak. The project is devoted to issues related to the outbreak of an epidemic on the sea-going vessel. In&hellip;","_links":{"self":[{"href":"https:\/\/dessevproject.eu\/es\/wp-json\/wp\/v2\/pages\/1123","targetHints":{"allow":["GET"]}}],"collection":[{"href":"https:\/\/dessevproject.eu\/es\/wp-json\/wp\/v2\/pages"}],"about":[{"href":"https:\/\/dessevproject.eu\/es\/wp-json\/wp\/v2\/types\/page"}],"author":[{"embeddable":true,"href":"https:\/\/dessevproject.eu\/es\/wp-json\/wp\/v2\/users\/1"}],"replies":[{"embeddable":true,"href":"https:\/\/dessevproject.eu\/es\/wp-json\/wp\/v2\/comments?post=1123"}],"version-history":[{"count":20,"href":"https:\/\/dessevproject.eu\/es\/wp-json\/wp\/v2\/pages\/1123\/revisions"}],"predecessor-version":[{"id":1286,"href":"https:\/\/dessevproject.eu\/es\/wp-json\/wp\/v2\/pages\/1123\/revisions\/1286"}],"wp:attachment":[{"href":"https:\/\/dessevproject.eu\/es\/wp-json\/wp\/v2\/media?parent=1123"}],"curies":[{"name":"wp","href":"https:\/\/api.w.org\/{rel}","templated":true}]}}